{"id":2666,"date":"2021-07-02T08:20:32","date_gmt":"2021-07-02T08:20:32","guid":{"rendered":"https:\/\/www.fincasmallorcacharme.com\/blog\/?page_id=2666"},"modified":"2021-07-21T08:30:12","modified_gmt":"2021-07-21T08:30:12","slug":"6-razones-para-reservar-una-finca-directamente-con-una-agencia","status":"publish","type":"page","link":"https:\/\/www.fincasmallorcacharme.com\/blog\/fincaurlaub-tipps-mallorca\/6-razones-para-reservar-una-finca-directamente-con-una-agencia\/","title":{"rendered":"6 razones para reservar una finca directamente con una agencia"},"content":{"rendered":"<ol>\n<li>\n<div id=\"toc_container\" class=\"no_bullets\"><p class=\"toc_title\">&Uuml;bersicht<\/p><ul class=\"toc_list\"><li><a href=\"#Estar_con_la_familia_y_los_amigos_en_un_entorno_privado_no_tiene_precio\"><span class=\"toc_number toc_depth_1\">1<\/span> Estar con la familia y los amigos en un entorno privado no tiene precio<\/a><\/li><li><a href=\"#Una_agencia_podra_gestionar_todo_lo_que_quieras\"><span class=\"toc_number toc_depth_1\">2<\/span> Una agencia podr\u00e1 gestionar todo lo que quieras.<\/a><\/li><li><a href=\"#Reservar_directamente_con_el_propietario_o_gestor_de_la_finca_puede_reducir_la_reserva_hasta_un_15\"><span class=\"toc_number toc_depth_1\">3<\/span> Reservar directamente con el propietario o gestor de la finca puede reducir la reserva hasta un 15%.<\/a><\/li><li><a href=\"#Existe_la_certeza_de_que_el_cliente_encontrara_lo_que_ha_reservado_cuando_llegue_a_su_destino\"><span class=\"toc_number toc_depth_1\">4<\/span> Existe la certeza de que el cliente encontrar\u00e1 lo que ha reservado cuando llegue a su destino.<\/a><\/li><li><a href=\"#Posibles_quejas_o_reclamaciones_del_cliente\"><span class=\"toc_number toc_depth_1\">5<\/span> Posibles quejas o reclamaciones del cliente.<\/a><\/li><li><a href=\"#Soporte_o_centro_de_llamadas_las_24_horas_del_dia\"><span class=\"toc_number toc_depth_1\">6<\/span> Soporte o centro de llamadas las 24 horas del d\u00eda.<\/a><\/li><\/ul><\/div>\n<h2 style=\"text-align: center;\"><span id=\"Estar_con_la_familia_y_los_amigos_en_un_entorno_privado_no_tiene_precio\">Estar con la familia y los amigos en un entorno privado no tiene precio<\/span><\/h2>\n<\/li>\n<\/ol>\n<p style=\"text-align: center;\">Alquilar una villa tiene algunas ventajas que no encontrar\u00e1 en un hotel. Cuantas m\u00e1s personas se alojen en la casa, m\u00e1s barato ser\u00e1 el precio por persona o por noche si se aloja en un hotel. En lugar de pagar 3, 4 o 5 habitaciones de hotel, puedes reservar una finca dividiendo el coste entre los hu\u00e9spedes. Otra ventaja es la privacidad que ofrece la piscina privada, as\u00ed como las zonas de recreo privadas adicionales de algunas villas y los extras como mesa de ping pong, camas el\u00e1sticas y peque\u00f1os parques infantiles o pistas deportivas. Los c\u00f3cteles en la piscina y las bebidas al atardecer tambi\u00e9n funcionan mejor si se compran directamente en el supermercado y se cocinan en casa. Pagar\u00e1 hasta 20 euros por un plato de pasta en un hotel de Mallorca; en nuestra opini\u00f3n, alojarse en una villa es simplemente mejor.<\/p>\n<ol style=\"text-align: center;\" start=\"2\">\n<li>\n<h2><span id=\"Una_agencia_podra_gestionar_todo_lo_que_quieras\">Una agencia podr\u00e1 gestionar todo lo que quieras.<\/span><\/h2>\n<\/li>\n<\/ol>\n<p style=\"text-align: center;\">Como en cualquier hotel, una agencia puede gestionar todos y cada uno de los servicios que quieras alquilar. Un masaje en la piscina, servicio de catering, alquiler de bicicletas, alquiler de coches, reserva en restaurantes o excursiones&#8230; La agencia se adapta a sus necesidades y ofrece soluciones a todas sus propuestas y peticiones.<\/p>\n<ol style=\"text-align: center;\" start=\"3\">\n<li>\n<h2><span id=\"Reservar_directamente_con_el_propietario_o_gestor_de_la_finca_puede_reducir_la_reserva_hasta_un_15\">Reservar directamente con el propietario o gestor de la finca puede reducir la reserva hasta un 15%.<\/span><\/h2>\n<\/li>\n<\/ol>\n<p style=\"text-align: center;\">Al haber tantos portales especializados en el alquiler de viviendas, los precios de una misma casa pueden variar hasta un 15% seg\u00fan el portal e incluso en la misma plataforma puede aparecer repetidamente la misma vivienda pero con precios diferentes. En muchos casos, pueden intervenir hasta 4 intermediarios en la reserva.<\/p>\n<p style=\"text-align: center;\">La mejor manera de arregl\u00e1rselas sin un agente es contactar directamente con el propietario de la finca. Hay muchos propietarios que ofrecen sus propiedades directamente en muchos portales, pero muchos optan por externalizar la gesti\u00f3n de sus propiedades a agencias como <span style=\"color: #266ea6;\"><a style=\"color: #266ea6;\" href=\"https:\/\/www.fincasmallorcacharme.com\" target=\"_blank\" rel=\"noopener noreferrer\">Mallorca Charme<\/a><\/span> delegar, ya sea porque no tienen tiempo para gestionar las reservas o porque no tienen suficientes conocimientos ling\u00fc\u00edsticos y administrativos.<\/p>\n<hr>\n<p style=\"text-align: center;\">Reservar a trav\u00e9s de una agencia de alquileres vacacionales es una de las mejores opciones por varias razones:<\/p>\n<ol style=\"text-align: center;\" start=\"4\">\n<li>\n<h2><span id=\"Existe_la_certeza_de_que_el_cliente_encontrara_lo_que_ha_reservado_cuando_llegue_a_su_destino\">Existe la certeza de que el cliente encontrar\u00e1 lo que ha reservado cuando llegue a su destino.<\/span><\/h2>\n<\/li>\n<\/ol>\n<p style=\"text-align: center;\">Desde el momento en que se hace la solicitud de una propiedad hasta que el cliente se va, se produce todo un proceso entre la agencia y el cliente. Se tienen en cuenta todos los pagos, as\u00ed como los puntos de encuentro, la direcci\u00f3n o las coordenadas de la casa y se aclaran las dudas y sugerencias del cliente.<\/p>\n<ol style=\"text-align: center;\" start=\"5\">\n<li>\n<h2><span id=\"Posibles_quejas_o_reclamaciones_del_cliente\">Posibles quejas o reclamaciones del cliente.<\/span><\/h2>\n<\/li>\n<\/ol>\n<p style=\"text-align: center;\">Si el cliente tiene un problema o hay un incidente en la casa, como un robo, da\u00f1os en la casa, etc., el cliente obtiene el apoyo de la agencia a la hora de hacer una posible reclamaci\u00f3n. Sin embargo, la agencia todav\u00eda tiene que procesar la queja en sentido descendente y ver si se puede reclamar es o no (los grillos que no te dejan dormir por la noche no cuentan para esto). Con esto queremos decir que el cliente no se sentir\u00e1 solo.<\/p>\n<ol style=\"text-align: center;\" start=\"6\">\n<li>\n<h2><span id=\"Soporte_o_centro_de_llamadas_las_24_horas_del_dia\">Soporte o centro de llamadas las 24 horas del d\u00eda.<\/span><\/h2>\n<\/li>\n<\/ol>\n<p style=\"text-align: center;\">La agencia debe proporcionar al cliente un n\u00famero de contacto de 24 horas para que pueda ponerse en contacto con ellos lo antes posible si tiene alg\u00fan problema. Esto da al cliente mucha m\u00e1s seguridad, ya que sabe que puede ponerse en contacto con la agencia en su lengua materna si tiene alg\u00fan problema.<\/p>\n<p style=\"text-align: center;\">&nbsp;<\/p>\n<p>&nbsp;<\/p>\n<p>&nbsp;<\/p>\n<p>&nbsp;<\/p>\n<p style=\"text-align: center;\">&nbsp;<\/p>\n","protected":false},"excerpt":{"rendered":"<p>&Uuml;bersicht1 Estar con la familia y los amigos en un entorno privado no tiene precio2 Una agencia podr\u00e1 gestionar todo lo que quieras.3 Reservar directamente con el propietario o gestor de la finca puede reducir la reserva hasta un 15%.4 Existe la certeza de que el cliente encontrar\u00e1 lo que ha reservado cuando llegue a&#8230;<\/p>\n","protected":false},"author":2,"featured_media":1465,"parent":2662,"menu_order":1,"comment_status":"closed","ping_status":"closed","template":"","meta":{"ngg_post_thumbnail":0,"footnotes":""},"class_list":["post-2666","page","type-page","status-publish","has-post-thumbnail","hentry"],"yoast_head":"<!-- This site is optimized with the Yoast SEO plugin v26.2 - https:\/\/yoast.com\/wordpress\/plugins\/seo\/ -->\n<title>6 razones para reservar una finca directamente con una agencia - Blog Mallorca Charme<\/title>\n<meta name=\"robots\" content=\"index, follow, max-snippet:-1, max-image-preview:large, max-video-preview:-1\" \/>\n<link rel=\"canonical\" href=\"https:\/\/www.fincasmallorcacharme.com\/blog\/fincaurlaub-tipps-mallorca\/6-razones-para-reservar-una-finca-directamente-con-una-agencia\/\" \/>\n<meta property=\"og:locale\" content=\"es_ES\" \/>\n<meta property=\"og:type\" content=\"article\" \/>\n<meta property=\"og:title\" content=\"6 razones para reservar una finca directamente con una agencia - Blog Mallorca Charme\" \/>\n<meta property=\"og:description\" content=\"&Uuml;bersicht1 Estar con la familia y los amigos en un entorno privado no tiene precio2 Una agencia podr\u00e1 gestionar todo lo que quieras.3 Reservar directamente con el propietario o gestor de la finca puede reducir la reserva hasta un 15%.4 Existe la certeza de que el cliente encontrar\u00e1 lo que ha reservado cuando llegue a...\" \/>\n<meta property=\"og:url\" content=\"https:\/\/www.fincasmallorcacharme.com\/blog\/fincaurlaub-tipps-mallorca\/6-razones-para-reservar-una-finca-directamente-con-una-agencia\/\" \/>\n<meta property=\"og:site_name\" content=\"Blog Mallorca Charme\" \/>\n<meta property=\"article:modified_time\" content=\"2021-07-21T08:30:12+00:00\" \/>\n<meta property=\"og:image\" content=\"https:\/\/www.fincasmallorcacharme.com\/blog\/wp-content\/uploads\/2019\/11\/223-blog.png\" \/>\n\t<meta property=\"og:image:width\" content=\"686\" \/>\n\t<meta property=\"og:image:height\" content=\"487\" \/>\n\t<meta property=\"og:image:type\" content=\"image\/png\" \/>\n<meta name=\"twitter:card\" content=\"summary_large_image\" \/>\n<meta name=\"twitter:label1\" content=\"Tiempo de lectura\" \/>\n\t<meta name=\"twitter:data1\" content=\"3 minutos\" \/>\n<script type=\"application\/ld+json\" class=\"yoast-schema-graph\">{\"@context\":\"https:\/\/schema.org\",\"@graph\":[{\"@type\":\"WebPage\",\"@id\":\"https:\/\/www.fincasmallorcacharme.com\/blog\/fincaurlaub-tipps-mallorca\/6-razones-para-reservar-una-finca-directamente-con-una-agencia\/\",\"url\":\"https:\/\/www.fincasmallorcacharme.com\/blog\/fincaurlaub-tipps-mallorca\/6-razones-para-reservar-una-finca-directamente-con-una-agencia\/\",\"name\":\"6 razones para reservar una finca directamente con una agencia - Blog Mallorca Charme\",\"isPartOf\":{\"@id\":\"https:\/\/www.fincasmallorcacharme.com\/blog\/en\/#website\"},\"primaryImageOfPage\":{\"@id\":\"https:\/\/www.fincasmallorcacharme.com\/blog\/fincaurlaub-tipps-mallorca\/6-razones-para-reservar-una-finca-directamente-con-una-agencia\/#primaryimage\"},\"image\":{\"@id\":\"https:\/\/www.fincasmallorcacharme.com\/blog\/fincaurlaub-tipps-mallorca\/6-razones-para-reservar-una-finca-directamente-con-una-agencia\/#primaryimage\"},\"thumbnailUrl\":\"https:\/\/www.fincasmallorcacharme.com\/blog\/wp-content\/uploads\/2019\/11\/223-blog.png\",\"datePublished\":\"2021-07-02T08:20:32+00:00\",\"dateModified\":\"2021-07-21T08:30:12+00:00\",\"breadcrumb\":{\"@id\":\"https:\/\/www.fincasmallorcacharme.com\/blog\/fincaurlaub-tipps-mallorca\/6-razones-para-reservar-una-finca-directamente-con-una-agencia\/#breadcrumb\"},\"inLanguage\":\"es\",\"potentialAction\":[{\"@type\":\"ReadAction\",\"target\":[\"https:\/\/www.fincasmallorcacharme.com\/blog\/fincaurlaub-tipps-mallorca\/6-razones-para-reservar-una-finca-directamente-con-una-agencia\/\"]}]},{\"@type\":\"ImageObject\",\"inLanguage\":\"es\",\"@id\":\"https:\/\/www.fincasmallorcacharme.com\/blog\/fincaurlaub-tipps-mallorca\/6-razones-para-reservar-una-finca-directamente-con-una-agencia\/#primaryimage\",\"url\":\"https:\/\/www.fincasmallorcacharme.com\/blog\/wp-content\/uploads\/2019\/11\/223-blog.png\",\"contentUrl\":\"https:\/\/www.fincasmallorcacharme.com\/blog\/wp-content\/uploads\/2019\/11\/223-blog.png\",\"width\":686,\"height\":487},{\"@type\":\"BreadcrumbList\",\"@id\":\"https:\/\/www.fincasmallorcacharme.com\/blog\/fincaurlaub-tipps-mallorca\/6-razones-para-reservar-una-finca-directamente-con-una-agencia\/#breadcrumb\",\"itemListElement\":[{\"@type\":\"ListItem\",\"position\":1,\"name\":\"Consejos para las vacaciones en una finca en Mallorca\",\"item\":\"https:\/\/www.fincasmallorcacharme.com\/blog\/fincaurlaub-tipps-mallorca\/\"},{\"@type\":\"ListItem\",\"position\":2,\"name\":\"6 razones para reservar una finca directamente con una agencia\"}]},{\"@type\":\"WebSite\",\"@id\":\"https:\/\/www.fincasmallorcacharme.com\/blog\/en\/#website\",\"url\":\"https:\/\/www.fincasmallorcacharme.com\/blog\/en\/\",\"name\":\"Blog Mallorca Charme\",\"description\":\"Fincasmallorcacharme Blog\",\"publisher\":{\"@id\":\"https:\/\/www.fincasmallorcacharme.com\/blog\/en\/#organization\"},\"potentialAction\":[{\"@type\":\"SearchAction\",\"target\":{\"@type\":\"EntryPoint\",\"urlTemplate\":\"https:\/\/www.fincasmallorcacharme.com\/blog\/en\/?s={search_term_string}\"},\"query-input\":{\"@type\":\"PropertyValueSpecification\",\"valueRequired\":true,\"valueName\":\"search_term_string\"}}],\"inLanguage\":\"es\"},{\"@type\":\"Organization\",\"@id\":\"https:\/\/www.fincasmallorcacharme.com\/blog\/en\/#organization\",\"name\":\"Blog Mallorca Charme\",\"url\":\"https:\/\/www.fincasmallorcacharme.com\/blog\/en\/\",\"logo\":{\"@type\":\"ImageObject\",\"inLanguage\":\"es\",\"@id\":\"https:\/\/www.fincasmallorcacharme.com\/blog\/en\/#\/schema\/logo\/image\/\",\"url\":\"https:\/\/www.fincasmallorcacharme.com\/blog\/wp-content\/uploads\/2020\/02\/cropped-headerrrrr-1.png\",\"contentUrl\":\"https:\/\/www.fincasmallorcacharme.com\/blog\/wp-content\/uploads\/2020\/02\/cropped-headerrrrr-1.png\",\"width\":1250,\"height\":250,\"caption\":\"Blog Mallorca Charme\"},\"image\":{\"@id\":\"https:\/\/www.fincasmallorcacharme.com\/blog\/en\/#\/schema\/logo\/image\/\"}}]}<\/script>\n<!-- \/ Yoast SEO plugin. -->","yoast_head_json":{"title":"6 razones para reservar una finca directamente con una agencia - Blog Mallorca Charme","robots":{"index":"index","follow":"follow","max-snippet":"max-snippet:-1","max-image-preview":"max-image-preview:large","max-video-preview":"max-video-preview:-1"},"canonical":"https:\/\/www.fincasmallorcacharme.com\/blog\/fincaurlaub-tipps-mallorca\/6-razones-para-reservar-una-finca-directamente-con-una-agencia\/","og_locale":"es_ES","og_type":"article","og_title":"6 razones para reservar una finca directamente con una agencia - Blog Mallorca Charme","og_description":"&Uuml;bersicht1 Estar con la familia y los amigos en un entorno privado no tiene precio2 Una agencia podr\u00e1 gestionar todo lo que quieras.3 Reservar directamente con el propietario o gestor de la finca puede reducir la reserva hasta un 15%.4 Existe la certeza de que el cliente encontrar\u00e1 lo que ha reservado cuando llegue a...","og_url":"https:\/\/www.fincasmallorcacharme.com\/blog\/fincaurlaub-tipps-mallorca\/6-razones-para-reservar-una-finca-directamente-con-una-agencia\/","og_site_name":"Blog Mallorca Charme","article_modified_time":"2021-07-21T08:30:12+00:00","og_image":[{"width":686,"height":487,"url":"https:\/\/www.fincasmallorcacharme.com\/blog\/wp-content\/uploads\/2019\/11\/223-blog.png","type":"image\/png"}],"twitter_card":"summary_large_image","twitter_misc":{"Tiempo de lectura":"3 minutos"},"schema":{"@context":"https:\/\/schema.org","@graph":[{"@type":"WebPage","@id":"https:\/\/www.fincasmallorcacharme.com\/blog\/fincaurlaub-tipps-mallorca\/6-razones-para-reservar-una-finca-directamente-con-una-agencia\/","url":"https:\/\/www.fincasmallorcacharme.com\/blog\/fincaurlaub-tipps-mallorca\/6-razones-para-reservar-una-finca-directamente-con-una-agencia\/","name":"6 razones para reservar una finca directamente con una agencia - Blog Mallorca Charme","isPartOf":{"@id":"https:\/\/www.fincasmallorcacharme.com\/blog\/en\/#website"},"primaryImageOfPage":{"@id":"https:\/\/www.fincasmallorcacharme.com\/blog\/fincaurlaub-tipps-mallorca\/6-razones-para-reservar-una-finca-directamente-con-una-agencia\/#primaryimage"},"image":{"@id":"https:\/\/www.fincasmallorcacharme.com\/blog\/fincaurlaub-tipps-mallorca\/6-razones-para-reservar-una-finca-directamente-con-una-agencia\/#primaryimage"},"thumbnailUrl":"https:\/\/www.fincasmallorcacharme.com\/blog\/wp-content\/uploads\/2019\/11\/223-blog.png","datePublished":"2021-07-02T08:20:32+00:00","dateModified":"2021-07-21T08:30:12+00:00","breadcrumb":{"@id":"https:\/\/www.fincasmallorcacharme.com\/blog\/fincaurlaub-tipps-mallorca\/6-razones-para-reservar-una-finca-directamente-con-una-agencia\/#breadcrumb"},"inLanguage":"es","potentialAction":[{"@type":"ReadAction","target":["https:\/\/www.fincasmallorcacharme.com\/blog\/fincaurlaub-tipps-mallorca\/6-razones-para-reservar-una-finca-directamente-con-una-agencia\/"]}]},{"@type":"ImageObject","inLanguage":"es","@id":"https:\/\/www.fincasmallorcacharme.com\/blog\/fincaurlaub-tipps-mallorca\/6-razones-para-reservar-una-finca-directamente-con-una-agencia\/#primaryimage","url":"https:\/\/www.fincasmallorcacharme.com\/blog\/wp-content\/uploads\/2019\/11\/223-blog.png","contentUrl":"https:\/\/www.fincasmallorcacharme.com\/blog\/wp-content\/uploads\/2019\/11\/223-blog.png","width":686,"height":487},{"@type":"BreadcrumbList","@id":"https:\/\/www.fincasmallorcacharme.com\/blog\/fincaurlaub-tipps-mallorca\/6-razones-para-reservar-una-finca-directamente-con-una-agencia\/#breadcrumb","itemListElement":[{"@type":"ListItem","position":1,"name":"Consejos para las vacaciones en una finca en Mallorca","item":"https:\/\/www.fincasmallorcacharme.com\/blog\/fincaurlaub-tipps-mallorca\/"},{"@type":"ListItem","position":2,"name":"6 razones para reservar una finca directamente con una agencia"}]},{"@type":"WebSite","@id":"https:\/\/www.fincasmallorcacharme.com\/blog\/en\/#website","url":"https:\/\/www.fincasmallorcacharme.com\/blog\/en\/","name":"Blog Mallorca Charme","description":"Fincasmallorcacharme Blog","publisher":{"@id":"https:\/\/www.fincasmallorcacharme.com\/blog\/en\/#organization"},"potentialAction":[{"@type":"SearchAction","target":{"@type":"EntryPoint","urlTemplate":"https:\/\/www.fincasmallorcacharme.com\/blog\/en\/?s={search_term_string}"},"query-input":{"@type":"PropertyValueSpecification","valueRequired":true,"valueName":"search_term_string"}}],"inLanguage":"es"},{"@type":"Organization","@id":"https:\/\/www.fincasmallorcacharme.com\/blog\/en\/#organization","name":"Blog Mallorca Charme","url":"https:\/\/www.fincasmallorcacharme.com\/blog\/en\/","logo":{"@type":"ImageObject","inLanguage":"es","@id":"https:\/\/www.fincasmallorcacharme.com\/blog\/en\/#\/schema\/logo\/image\/","url":"https:\/\/www.fincasmallorcacharme.com\/blog\/wp-content\/uploads\/2020\/02\/cropped-headerrrrr-1.png","contentUrl":"https:\/\/www.fincasmallorcacharme.com\/blog\/wp-content\/uploads\/2020\/02\/cropped-headerrrrr-1.png","width":1250,"height":250,"caption":"Blog Mallorca Charme"},"image":{"@id":"https:\/\/www.fincasmallorcacharme.com\/blog\/en\/#\/schema\/logo\/image\/"}}]}},"amp_enabled":true,"_links":{"self":[{"href":"https:\/\/www.fincasmallorcacharme.com\/blog\/wp-json\/wp\/v2\/pages\/2666","targetHints":{"allow":["GET"]}}],"collection":[{"href":"https:\/\/www.fincasmallorcacharme.com\/blog\/wp-json\/wp\/v2\/pages"}],"about":[{"href":"https:\/\/www.fincasmallorcacharme.com\/blog\/wp-json\/wp\/v2\/types\/page"}],"author":[{"embeddable":true,"href":"https:\/\/www.fincasmallorcacharme.com\/blog\/wp-json\/wp\/v2\/users\/2"}],"replies":[{"embeddable":true,"href":"https:\/\/www.fincasmallorcacharme.com\/blog\/wp-json\/wp\/v2\/comments?post=2666"}],"version-history":[{"count":4,"href":"https:\/\/www.fincasmallorcacharme.com\/blog\/wp-json\/wp\/v2\/pages\/2666\/revisions"}],"predecessor-version":[{"id":3194,"href":"https:\/\/www.fincasmallorcacharme.com\/blog\/wp-json\/wp\/v2\/pages\/2666\/revisions\/3194"}],"up":[{"embeddable":true,"href":"https:\/\/www.fincasmallorcacharme.com\/blog\/wp-json\/wp\/v2\/pages\/2662"}],"wp:featuredmedia":[{"embeddable":true,"href":"https:\/\/www.fincasmallorcacharme.com\/blog\/wp-json\/wp\/v2\/media\/1465"}],"wp:attachment":[{"href":"https:\/\/www.fincasmallorcacharme.com\/blog\/wp-json\/wp\/v2\/media?parent=2666"}],"curies":[{"name":"wp","href":"https:\/\/api.w.org\/{rel}","templated":true}]}}