{"id":2658,"date":"2021-07-01T12:07:15","date_gmt":"2021-07-01T12:07:15","guid":{"rendered":"https:\/\/www.fincasmallorcacharme.com\/blog\/?page_id=2658"},"modified":"2021-07-01T12:08:08","modified_gmt":"2021-07-01T12:08:08","slug":"mallorca-principales-atracciones-turisticas","status":"publish","type":"page","link":"https:\/\/www.fincasmallorcacharme.com\/blog\/mallorca-principales-atracciones-turisticas\/","title":{"rendered":"Mallorca &#8211; Principales atracciones tur\u00edsticas"},"content":{"rendered":"<p style=\"text-align: center;\">Mallorca ofrece una amplia gama de lugares de inter\u00e9s para descubrir. Por eso hemos elaborado una lista con los mejores lugares para visitar en Mallorca que personalmente m\u00e1s nos gustan.<\/p>\n<div id=\"toc_container\" class=\"no_bullets\"><p class=\"toc_title\">&Uuml;bersicht<\/p><ul class=\"toc_list\"><li><a href=\"#Mallorca_8211_Lugares_de_interes_en_el_norte\"><span class=\"toc_number toc_depth_1\">1<\/span> Mallorca &#8211; Lugares de inter\u00e9s en el norte<\/a><\/li><li><a href=\"#Mallorca_8211_Lugares_de_interes_en_el_oeste\"><span class=\"toc_number toc_depth_1\">2<\/span> Mallorca &#8211; Lugares de inter\u00e9s en el oeste<\/a><\/li><li><a href=\"#Mallorca_8211_Lugares_de_interes_en_el_sur\"><span class=\"toc_number toc_depth_1\">3<\/span> Mallorca &#8211; Lugares de inter\u00e9s en el sur<\/a><\/li><li><a href=\"#Mallorca_ofrece_muchos_atractivos\"><span class=\"toc_number toc_depth_1\">4<\/span> Mallorca ofrece muchos atractivos<\/a><\/li><\/ul><\/div>\n<h2 style=\"text-align: center;\"><span id=\"Mallorca_8211_Lugares_de_interes_en_el_norte\">Mallorca &#8211; Lugares de inter\u00e9s en el norte<\/span><\/h2>\n<p style=\"text-align: center;\">El norte de Mallorca est\u00e1 formado por playas y peque\u00f1as calas en las que la pr\u00e1ctica de diversos deportes n\u00e1uticos va unida a la tradici\u00f3n de los pueblos del interior. No hay que perderse el casco antiguo de Alc\u00fadia, con sus murallas de estilo renacentista, y la hermosa bah\u00eda de Port de Pollenca, en el interior. Entre Alc\u00fadia y la localidad costera de Can Picafort se encuentra el Parque Natural de s&#8217;Albufera, una amplia zona h\u00fameda que alberga m\u00e1s de doscientas especies de aves. M\u00e1s al este se encuentran las cuevas de Art\u00e0 y las cuevas del Drach en Portocristo. Estas enormes cuevas est\u00e1n formadas por grutas, estalactitas y estalagmitas. La costa este es famosa por sus id\u00edlicas bah\u00edas y playas de arena fina. Cerca de Felanitx se encuentra el Santuari de Sant Salvador, un antiguo monasterio situado en una monta\u00f1a de quinientos metros de altura. Para los amantes de la joyer\u00eda y las perlas es imprescindible visitar la f\u00e1brica de perlas de Manacor.<\/p>\n<h2 style=\"text-align: center;\"><span id=\"Mallorca_8211_Lugares_de_interes_en_el_oeste\">Mallorca &#8211; Lugares de inter\u00e9s en el oeste<\/span><\/h2>\n<p style=\"text-align: center;\">Situado m\u00e1s hacia el centro de la isla o tambi\u00e9n llamado Es Pla en Mallorca, &#8220;el llano&#8221; es el lugar donde m\u00e1s se puede disfrutar de la vida tradicional de Mallorca. Aqu\u00ed se encuentra el hermoso monasterio de Randa, a m\u00e1s de quinientos metros sobre el nivel del mar.<\/p>\n<p style=\"text-align: center;\">En un paseo por el peque\u00f1o pueblo de Sineu, en el centro de Mallorca, disfrutamos de la arquitectura medieval, integrada en la arquitectura urbana del pueblo.<\/p>\n<p style=\"text-align: center;\">En el oeste de la isla hay un paisaje rocoso y salvaje con fascinantes y originales pueblos de monta\u00f1a. Aqu\u00ed encontramos el pueblo de Valldemossa, con su monasterio de la Cartuja, muy popular o considerado como una atracci\u00f3n tur\u00edstica, y Dei\u00e0, un refugio para artistas de gran prestigio.<\/p>\n<p style=\"text-align: center;\">En el extremo suroeste de la sierra de Tramuntana se encuentran las extensas plantaciones de naranjas de la regi\u00f3n de S\u00f3ller y el hist\u00f3rico tranv\u00eda que une S\u00f3ller y Palma desde hace m\u00e1s de 100 a\u00f1os.<\/p>\n<h2 style=\"text-align: center;\"><span id=\"Mallorca_8211_Lugares_de_interes_en_el_sur\">Mallorca &#8211; Lugares de inter\u00e9s en el sur<\/span><\/h2>\n<p style=\"text-align: center;\">Aqu\u00ed est\u00e1 la capital de Mallorca, Palma. Palma de Mallorca fue el hogar de los fenicios, romanos y \u00e1rabes. En Palma de Mallorca podr\u00e1 descubrir la mezcla de la \u00e9poca medieval y la moderna de finales del siglo XIX en las calles y edificios de la ciudad. En Palma se encuentran algunos de los cascos antiguos m\u00e1s grandes de Europa y la hermosa catedral &#8220;La Seu&#8221;, que invita a fotografiarse junto a ella.<\/p>\n<p style=\"text-align: center;\">En el mismo Castell de Bellver, los peatones pueden disfrutar de la vista sobre la bah\u00eda de Palma.<\/p>\n<p style=\"text-align: center;\">Justo antes de la costa suroeste vemos la isla Dragonera. La isla es una reserva natural y un para\u00edso para los amantes de las plantas y las aves.<\/p>\n<p style=\"text-align: center;\">M\u00e1s al sur de la isla el paisaje se vuelve m\u00e1s llano y el calor se hace notar m\u00e1s en estas zonas.<\/p>\n<p style=\"text-align: center;\">En el sur se encuentran las extensas salinas como Ses Salines d&#8217;Es Trenc.<\/p>\n<p style=\"text-align: center;\">El lugar m\u00e1s famoso del sur es la Playa Es Trenc, al oeste de la Colonia Sant Jordi.<\/p>\n<p style=\"text-align: center;\">La playa consta de tres kil\u00f3metros y medio de arena fina y es una de las m\u00e1s bellas del Mediterr\u00e1neo con sus tonos turquesas que no tienen nada que envidiar a las playas del Caribe.<\/p>\n<h2 style=\"text-align: center;\"><span id=\"Mallorca_ofrece_muchos_atractivos\">Mallorca ofrece muchos atractivos<\/span><\/h2>\n<p style=\"text-align: center;\">La isla de Mallorca atrae a mucha gente con sus visitas tur\u00edsticas. Pero incluso hoy en d\u00eda siguen predominando las vacaciones de sol y playa. La isla ofrece una amplia gama de alojamientos. La mayor aglomeraci\u00f3n tur\u00edstica se encuentra en la bah\u00eda de Palma, entre Magaluf y S&#8217;Arenal, pero tambi\u00e9n en la costa este y en las bah\u00edas de Pollen\u00e7a y Alcudia encontrar\u00e1 grandes infraestructuras hoteleras y fincas de alquiler.<\/p>\n<p style=\"text-align: center;\">Las playas del este de Palma se han ganado una mala reputaci\u00f3n debido al Ballermann. Sin embargo, hay que decir que esta zona est\u00e1 muy cerca de Ballermann 6 y de la &#8220;calle del jam\u00f3n&#8221;, pero es s\u00f3lo una peque\u00f1a parte de la Platja de Palma. La cuidada playa de arena de seis kil\u00f3metros de largo, los cortos caminos hasta el aeropuerto, las buenas conexiones con la capital y, por \u00faltimo, pero no por ello menos importante, los costes todav\u00eda bajos pueden ser la raz\u00f3n para elegir S&#8217;Arenal.<\/p>\n<p style=\"text-align: center;\">Desde aqu\u00ed tampoco est\u00e1 lejos la ciudad de Palma de Mallorca, los centros tur\u00edsticos Palmanova y Magaluf, que son visitados principalmente por turistas brit\u00e1nicos.<\/p>\n<p style=\"text-align: center;\">El pueblo Paguera, un pueblo tur\u00edstico alem\u00e1n, porque la mayor\u00eda de los turistas que pasan sus vacaciones aqu\u00ed en verano son alemanes. No hay lugares de inter\u00e9s en Paguera que no sean conocidos en Alemania. Incluso en invierno, cuando muchos lugares de la isla est\u00e1n vac\u00edos, muchos hoteles y restaurantes est\u00e1n abiertos debido al clima invernal &#8230; Peguera es tambi\u00e9n un buen lugar para hacer excursiones a la Tramuntana sur y a la ciudad de Palma de Mallorca, que no est\u00e1 lejos.<\/p>\n<p style=\"text-align: center;\">El puerto de S\u00f3Iler y la Cala de Sant Vicen\u00e7 son las \u00fanicas zonas de ba\u00f1o en la escarpada costa de la sierra de Tramuntana en el norte y son uno de los mejores lugares para visitar en Mallorca. La bah\u00eda pr\u00e1cticamente circular de Port de S\u00f3ller, con una estrecha playa de arena, es tambi\u00e9n un lugar popular para los caminantes. Destinos como Dei\u00e0 y Valldemossa est\u00e1n a poca distancia, e incluso Palma est\u00e1 a s\u00f3lo media hora en coche. Las excursiones en barco a Cala Tuent y Sa Calobra, en la zona de S\u00f3ller, son muy populares, y la Cala de Sant Vicente, al norte, se encuentra en una bah\u00eda rodeada por una roca escarpada. Aqu\u00ed encontrar\u00e1 dos hermosas playas.<\/p>\n<p style=\"text-align: center;\">Al norte se encuentra el puerto de Pollen\u00e7a, que fue descubierto en los a\u00f1os 30 por los turistas ingleses, que siguen siendo los que m\u00e1s turistas visitan esta zona en la actualidad. La extensa bah\u00eda de Pollensa y Alcudia es uno de los centros de deportes acu\u00e1ticos m\u00e1s populares de la isla, donde hay una escuela de vela y surf dirigida por alemanes y espa\u00f1oles.<\/p>\n<p style=\"text-align: center;\">M\u00e1s hacia el interior se encuentra el pueblo de Pollensa, que tambi\u00e9n es una de las zonas m\u00e1s populares para unas vacaciones en fincas. Algunos de los paisajes m\u00e1s espectaculares de Mallorca, como las pen\u00ednsulas de Formentor y Victoria, se encuentran en la parte norte de Mallorca, donde se encuentra Pollensa, y el monasterio de Lluc en las monta\u00f1as de la sierra de Tramuntana. A este tipo de lugares de inter\u00e9s s\u00f3lo se puede llegar en coche.<\/p>\n<p style=\"text-align: center;\">La mayor bah\u00eda de Mallorca, adem\u00e1s de la de Palma, es la de Alcudia. Esta bah\u00eda se extiende desde Aucanada, pasando por Can Picafort, Son Serra de Marina y la Colonia de Sant Pere, hasta el Cabo Farrutx. All\u00ed se encuentra una de las mejores playas de Mallorca, de unos 22 km de longitud.<\/p>\n<p style=\"text-align: center;\">La zona de vacaciones es ideal para unas vacaciones familiares con ni\u00f1os, ya que hay muchas atracciones para que los ni\u00f1os vean.<\/p>\n<p style=\"text-align: center;\">La costa este con sus pintorescas bah\u00edas es una de las zonas de vacaciones m\u00e1s populares de Mallorca y Cala Ratjada es uno de los lugares m\u00e1s populares para los alemanes, ya que son la mayor\u00eda en esta zona. Cala Ratjada se caracteriza por sus numerosos bares y discotecas.<\/p>\n<p style=\"text-align: center;\">Cala Millor tiene la playa de arena m\u00e1s larga del este, con dos kil\u00f3metros de longitud.<\/p>\n<p style=\"text-align: center;\">En la costa sureste, el turismo se concentra en Cala d&#8217;Or. El n\u00facleo de Cala d&#8217;Or, que da nombre a la zona, tiene mucho que ofrecer y fue construido en la d\u00e9cada de 1930 al estilo ibicenco.<\/p>\n<p style=\"text-align: center;\">La isla de Mallorca ofrece un sinf\u00edn de posibilidades y cada zona de la isla, atracci\u00f3n tur\u00edstica o no, tiene su encanto que hay que ver y experimentar. Como las distancias entre los pueblos son m\u00e1s o menos cortas y hay una buena conexi\u00f3n por carretera, es f\u00e1cil visitar los pueblos de Mallorca y sus monumentos.<\/p>\n<p style=\"text-align: center;\">&nbsp;<\/p>\n","protected":false},"excerpt":{"rendered":"<p>Mallorca ofrece una amplia gama de lugares de inter\u00e9s para descubrir. Por eso hemos elaborado una lista con los mejores lugares para visitar en Mallorca que personalmente m\u00e1s nos gustan. &Uuml;bersicht1 Mallorca &#8211; Lugares de inter\u00e9s en el norte2 Mallorca &#8211; Lugares de inter\u00e9s en el oeste3 Mallorca &#8211; Lugares de inter\u00e9s en el sur4&#8230;<\/p>\n","protected":false},"author":2,"featured_media":1442,"parent":0,"menu_order":0,"comment_status":"closed","ping_status":"closed","template":"templates\/page-pilar.php","meta":{"ngg_post_thumbnail":0,"footnotes":""},"class_list":["post-2658","page","type-page","status-publish","has-post-thumbnail","hentry"],"yoast_head":"<!-- This site is optimized with the Yoast SEO plugin v26.2 - https:\/\/yoast.com\/wordpress\/plugins\/seo\/ -->\n<title>Mallorca - Principales atracciones tur\u00edsticas - Blog Mallorca Charme<\/title>\n<meta name=\"robots\" content=\"index, follow, max-snippet:-1, max-image-preview:large, max-video-preview:-1\" \/>\n<link rel=\"canonical\" href=\"https:\/\/www.fincasmallorcacharme.com\/blog\/mallorca-principales-atracciones-turisticas\/\" \/>\n<meta property=\"og:locale\" content=\"es_ES\" \/>\n<meta property=\"og:type\" content=\"article\" \/>\n<meta property=\"og:title\" content=\"Mallorca - Principales atracciones tur\u00edsticas - Blog Mallorca Charme\" \/>\n<meta property=\"og:description\" content=\"Mallorca ofrece una amplia gama de lugares de inter\u00e9s para descubrir. Por eso hemos elaborado una lista con los mejores lugares para visitar en Mallorca que personalmente m\u00e1s nos gustan. &Uuml;bersicht1 Mallorca &#8211; Lugares de inter\u00e9s en el norte2 Mallorca &#8211; Lugares de inter\u00e9s en el oeste3 Mallorca &#8211; Lugares de inter\u00e9s en el sur4...\" \/>\n<meta property=\"og:url\" content=\"https:\/\/www.fincasmallorcacharme.com\/blog\/mallorca-principales-atracciones-turisticas\/\" \/>\n<meta property=\"og:site_name\" content=\"Blog Mallorca Charme\" \/>\n<meta property=\"article:modified_time\" content=\"2021-07-01T12:08:08+00:00\" \/>\n<meta property=\"og:image\" content=\"https:\/\/www.fincasmallorcacharme.com\/blog\/wp-content\/uploads\/2019\/11\/Mallorca-sehensw\u00fcrdigkeiten.png\" \/>\n\t<meta property=\"og:image:width\" content=\"686\" \/>\n\t<meta property=\"og:image:height\" content=\"487\" \/>\n\t<meta property=\"og:image:type\" content=\"image\/png\" \/>\n<meta name=\"twitter:card\" content=\"summary_large_image\" \/>\n<meta name=\"twitter:label1\" content=\"Tiempo de lectura\" \/>\n\t<meta name=\"twitter:data1\" content=\"6 minutos\" \/>\n<script type=\"application\/ld+json\" class=\"yoast-schema-graph\">{\"@context\":\"https:\/\/schema.org\",\"@graph\":[{\"@type\":\"WebPage\",\"@id\":\"https:\/\/www.fincasmallorcacharme.com\/blog\/mallorca-principales-atracciones-turisticas\/\",\"url\":\"https:\/\/www.fincasmallorcacharme.com\/blog\/mallorca-principales-atracciones-turisticas\/\",\"name\":\"Mallorca - Principales atracciones tur\u00edsticas - Blog Mallorca Charme\",\"isPartOf\":{\"@id\":\"https:\/\/www.fincasmallorcacharme.com\/blog\/en\/#website\"},\"primaryImageOfPage\":{\"@id\":\"https:\/\/www.fincasmallorcacharme.com\/blog\/mallorca-principales-atracciones-turisticas\/#primaryimage\"},\"image\":{\"@id\":\"https:\/\/www.fincasmallorcacharme.com\/blog\/mallorca-principales-atracciones-turisticas\/#primaryimage\"},\"thumbnailUrl\":\"https:\/\/www.fincasmallorcacharme.com\/blog\/wp-content\/uploads\/2019\/11\/Mallorca-sehensw\u00fcrdigkeiten.png\",\"datePublished\":\"2021-07-01T12:07:15+00:00\",\"dateModified\":\"2021-07-01T12:08:08+00:00\",\"inLanguage\":\"es\",\"potentialAction\":[{\"@type\":\"ReadAction\",\"target\":[\"https:\/\/www.fincasmallorcacharme.com\/blog\/mallorca-principales-atracciones-turisticas\/\"]}]},{\"@type\":\"ImageObject\",\"inLanguage\":\"es\",\"@id\":\"https:\/\/www.fincasmallorcacharme.com\/blog\/mallorca-principales-atracciones-turisticas\/#primaryimage\",\"url\":\"https:\/\/www.fincasmallorcacharme.com\/blog\/wp-content\/uploads\/2019\/11\/Mallorca-sehensw\u00fcrdigkeiten.png\",\"contentUrl\":\"https:\/\/www.fincasmallorcacharme.com\/blog\/wp-content\/uploads\/2019\/11\/Mallorca-sehensw\u00fcrdigkeiten.png\",\"width\":686,\"height\":487,\"caption\":\"`mallorca sehensw\u00fcrdigkeiten\"},{\"@type\":\"WebSite\",\"@id\":\"https:\/\/www.fincasmallorcacharme.com\/blog\/en\/#website\",\"url\":\"https:\/\/www.fincasmallorcacharme.com\/blog\/en\/\",\"name\":\"Blog Mallorca Charme\",\"description\":\"Fincasmallorcacharme Blog\",\"publisher\":{\"@id\":\"https:\/\/www.fincasmallorcacharme.com\/blog\/en\/#organization\"},\"potentialAction\":[{\"@type\":\"SearchAction\",\"target\":{\"@type\":\"EntryPoint\",\"urlTemplate\":\"https:\/\/www.fincasmallorcacharme.com\/blog\/en\/?s={search_term_string}\"},\"query-input\":{\"@type\":\"PropertyValueSpecification\",\"valueRequired\":true,\"valueName\":\"search_term_string\"}}],\"inLanguage\":\"es\"},{\"@type\":\"Organization\",\"@id\":\"https:\/\/www.fincasmallorcacharme.com\/blog\/en\/#organization\",\"name\":\"Blog Mallorca Charme\",\"url\":\"https:\/\/www.fincasmallorcacharme.com\/blog\/en\/\",\"logo\":{\"@type\":\"ImageObject\",\"inLanguage\":\"es\",\"@id\":\"https:\/\/www.fincasmallorcacharme.com\/blog\/en\/#\/schema\/logo\/image\/\",\"url\":\"https:\/\/www.fincasmallorcacharme.com\/blog\/wp-content\/uploads\/2020\/02\/cropped-headerrrrr-1.png\",\"contentUrl\":\"https:\/\/www.fincasmallorcacharme.com\/blog\/wp-content\/uploads\/2020\/02\/cropped-headerrrrr-1.png\",\"width\":1250,\"height\":250,\"caption\":\"Blog Mallorca Charme\"},\"image\":{\"@id\":\"https:\/\/www.fincasmallorcacharme.com\/blog\/en\/#\/schema\/logo\/image\/\"}}]}<\/script>\n<!-- \/ Yoast SEO plugin. -->","yoast_head_json":{"title":"Mallorca - Principales atracciones tur\u00edsticas - Blog Mallorca Charme","robots":{"index":"index","follow":"follow","max-snippet":"max-snippet:-1","max-image-preview":"max-image-preview:large","max-video-preview":"max-video-preview:-1"},"canonical":"https:\/\/www.fincasmallorcacharme.com\/blog\/mallorca-principales-atracciones-turisticas\/","og_locale":"es_ES","og_type":"article","og_title":"Mallorca - Principales atracciones tur\u00edsticas - Blog Mallorca Charme","og_description":"Mallorca ofrece una amplia gama de lugares de inter\u00e9s para descubrir. Por eso hemos elaborado una lista con los mejores lugares para visitar en Mallorca que personalmente m\u00e1s nos gustan. &Uuml;bersicht1 Mallorca &#8211; Lugares de inter\u00e9s en el norte2 Mallorca &#8211; Lugares de inter\u00e9s en el oeste3 Mallorca &#8211; Lugares de inter\u00e9s en el sur4...","og_url":"https:\/\/www.fincasmallorcacharme.com\/blog\/mallorca-principales-atracciones-turisticas\/","og_site_name":"Blog Mallorca Charme","article_modified_time":"2021-07-01T12:08:08+00:00","og_image":[{"width":686,"height":487,"url":"https:\/\/www.fincasmallorcacharme.com\/blog\/wp-content\/uploads\/2019\/11\/Mallorca-sehensw\u00fcrdigkeiten.png","type":"image\/png"}],"twitter_card":"summary_large_image","twitter_misc":{"Tiempo de lectura":"6 minutos"},"schema":{"@context":"https:\/\/schema.org","@graph":[{"@type":"WebPage","@id":"https:\/\/www.fincasmallorcacharme.com\/blog\/mallorca-principales-atracciones-turisticas\/","url":"https:\/\/www.fincasmallorcacharme.com\/blog\/mallorca-principales-atracciones-turisticas\/","name":"Mallorca - Principales atracciones tur\u00edsticas - Blog Mallorca Charme","isPartOf":{"@id":"https:\/\/www.fincasmallorcacharme.com\/blog\/en\/#website"},"primaryImageOfPage":{"@id":"https:\/\/www.fincasmallorcacharme.com\/blog\/mallorca-principales-atracciones-turisticas\/#primaryimage"},"image":{"@id":"https:\/\/www.fincasmallorcacharme.com\/blog\/mallorca-principales-atracciones-turisticas\/#primaryimage"},"thumbnailUrl":"https:\/\/www.fincasmallorcacharme.com\/blog\/wp-content\/uploads\/2019\/11\/Mallorca-sehensw\u00fcrdigkeiten.png","datePublished":"2021-07-01T12:07:15+00:00","dateModified":"2021-07-01T12:08:08+00:00","inLanguage":"es","potentialAction":[{"@type":"ReadAction","target":["https:\/\/www.fincasmallorcacharme.com\/blog\/mallorca-principales-atracciones-turisticas\/"]}]},{"@type":"ImageObject","inLanguage":"es","@id":"https:\/\/www.fincasmallorcacharme.com\/blog\/mallorca-principales-atracciones-turisticas\/#primaryimage","url":"https:\/\/www.fincasmallorcacharme.com\/blog\/wp-content\/uploads\/2019\/11\/Mallorca-sehensw\u00fcrdigkeiten.png","contentUrl":"https:\/\/www.fincasmallorcacharme.com\/blog\/wp-content\/uploads\/2019\/11\/Mallorca-sehensw\u00fcrdigkeiten.png","width":686,"height":487,"caption":"`mallorca sehensw\u00fcrdigkeiten"},{"@type":"WebSite","@id":"https:\/\/www.fincasmallorcacharme.com\/blog\/en\/#website","url":"https:\/\/www.fincasmallorcacharme.com\/blog\/en\/","name":"Blog Mallorca Charme","description":"Fincasmallorcacharme Blog","publisher":{"@id":"https:\/\/www.fincasmallorcacharme.com\/blog\/en\/#organization"},"potentialAction":[{"@type":"SearchAction","target":{"@type":"EntryPoint","urlTemplate":"https:\/\/www.fincasmallorcacharme.com\/blog\/en\/?s={search_term_string}"},"query-input":{"@type":"PropertyValueSpecification","valueRequired":true,"valueName":"search_term_string"}}],"inLanguage":"es"},{"@type":"Organization","@id":"https:\/\/www.fincasmallorcacharme.com\/blog\/en\/#organization","name":"Blog Mallorca Charme","url":"https:\/\/www.fincasmallorcacharme.com\/blog\/en\/","logo":{"@type":"ImageObject","inLanguage":"es","@id":"https:\/\/www.fincasmallorcacharme.com\/blog\/en\/#\/schema\/logo\/image\/","url":"https:\/\/www.fincasmallorcacharme.com\/blog\/wp-content\/uploads\/2020\/02\/cropped-headerrrrr-1.png","contentUrl":"https:\/\/www.fincasmallorcacharme.com\/blog\/wp-content\/uploads\/2020\/02\/cropped-headerrrrr-1.png","width":1250,"height":250,"caption":"Blog Mallorca Charme"},"image":{"@id":"https:\/\/www.fincasmallorcacharme.com\/blog\/en\/#\/schema\/logo\/image\/"}}]}},"amp_enabled":false,"_links":{"self":[{"href":"https:\/\/www.fincasmallorcacharme.com\/blog\/wp-json\/wp\/v2\/pages\/2658","targetHints":{"allow":["GET"]}}],"collection":[{"href":"https:\/\/www.fincasmallorcacharme.com\/blog\/wp-json\/wp\/v2\/pages"}],"about":[{"href":"https:\/\/www.fincasmallorcacharme.com\/blog\/wp-json\/wp\/v2\/types\/page"}],"author":[{"embeddable":true,"href":"https:\/\/www.fincasmallorcacharme.com\/blog\/wp-json\/wp\/v2\/users\/2"}],"replies":[{"embeddable":true,"href":"https:\/\/www.fincasmallorcacharme.com\/blog\/wp-json\/wp\/v2\/comments?post=2658"}],"version-history":[{"count":3,"href":"https:\/\/www.fincasmallorcacharme.com\/blog\/wp-json\/wp\/v2\/pages\/2658\/revisions"}],"predecessor-version":[{"id":2661,"href":"https:\/\/www.fincasmallorcacharme.com\/blog\/wp-json\/wp\/v2\/pages\/2658\/revisions\/2661"}],"wp:featuredmedia":[{"embeddable":true,"href":"https:\/\/www.fincasmallorcacharme.com\/blog\/wp-json\/wp\/v2\/media\/1442"}],"wp:attachment":[{"href":"https:\/\/www.fincasmallorcacharme.com\/blog\/wp-json\/wp\/v2\/media?parent=2658"}],"curies":[{"name":"wp","href":"https:\/\/api.w.org\/{rel}","templated":true}]}}