{"id":2649,"date":"2021-07-01T11:14:08","date_gmt":"2021-07-01T11:14:08","guid":{"rendered":"https:\/\/www.fincasmallorcacharme.com\/blog\/?page_id=2649"},"modified":"2021-07-01T11:31:52","modified_gmt":"2021-07-01T11:31:52","slug":"hiking-in-mallorca-routes-and-recommendations","status":"publish","type":"page","link":"https:\/\/www.fincasmallorcacharme.com\/blog\/hiking-in-mallorca-routes-and-recommendations\/","title":{"rendered":"Senderismo en Mallorca &#8211; rutas y recomendaciones"},"content":{"rendered":"\r\n<p>Mallorca es un destino ideal para el senderismo. El clima templado de las Islas Baleares es ideal para el senderismo en muchas zonas de la isla. En nuestro blog mostramos todo tipo de excursiones y consejos para todas las edades y exigencias. Desde id\u00edlicos senderos costeros hasta rutas por las impresionantes monta\u00f1as de la Serra de Tramuntana. En nuestro blog te mostramos las rutas de senderismo de la Sierra de Tramuntana divididas en zonas (Tramuntana Sur, Tramuntana Central y Tramuntana Norte). El GR 221, como se llama la ruta de la Serra de Tramuntana, tiene muchos protagonistas, pero hay otras zonas de Mallorca donde se puede hacer senderismo, como los cabos y calas del norte de la isla, por las zonas de Alc\u00fadia, Pollen\u00e7a y Formentor. En el norte encontrar\u00e1 lugares incre\u00edbles y m\u00e1gicos. La Sierra de Llevant es tambi\u00e9n una zona con muchas rutas de senderismo, tiene una altitud menor y no tiene el encanto especial de la Tramuntana. Pero son estos contrastes en las diferentes zonas los que hacen de la isla un lugar especial para este deporte. Aqu\u00ed encontrar\u00e1 todo lo relacionado con el itinerario GR 221 y consejos de senderismo con fotos que le llevar\u00e1n por toda la diversidad de paisajes.<\/p>\r\n<h2 style=\"text-align: center;\">\u00bfD\u00f3nde se puede hacer senderismo en Mallorca?<\/h2>\r\n<p style=\"text-align: center;\">Tambi\u00e9n explicamos la dificultad de la ruta y cu\u00e1les son m\u00e1s dif\u00edciles o salvajes. Por ejemplo, la ruta del Torrent de Pareis, que antiguamente era utilizada por los contrabandistas que llegaban por mar y desembarcaban en la costa norte de la isla, utilizando estas rutas y pasos para evitar ser capturados.<\/p>\r\n<h2 style=\"text-align: center;\">Mallorca &#8211; d\u00f3nde ir de excursi\u00f3n<\/h2>\r\n<p style=\"text-align: center;\">En nuestro blog de senderismo mostramos lo que pensamos de las mejores rutas de senderismo en Mallorca. Haz clic en las fotos y conocer\u00e1s m\u00e1s sobre las rutas que te proponemos.<\/p>\r\n","protected":false},"excerpt":{"rendered":"<p>Mallorca es un destino ideal para el senderismo. El clima templado de las Islas Baleares es ideal para el senderismo en muchas zonas de la isla. En nuestro blog mostramos todo tipo de excursiones y consejos para todas las edades y exigencias. Desde id\u00edlicos senderos costeros hasta rutas por las impresionantes monta\u00f1as de la Serra&#8230;<\/p>\n","protected":false},"author":2,"featured_media":1222,"parent":0,"menu_order":0,"comment_status":"closed","ping_status":"closed","template":"templates\/page-pilar.php","meta":{"ngg_post_thumbnail":0,"footnotes":""},"class_list":["post-2649","page","type-page","status-publish","has-post-thumbnail","hentry"],"yoast_head":"<!-- This site is optimized with the Yoast SEO plugin v26.2 - https:\/\/yoast.com\/wordpress\/plugins\/seo\/ -->\n<title>Senderismo en Mallorca - rutas y recomendaciones - Blog Mallorca Charme<\/title>\n<meta name=\"robots\" content=\"index, follow, max-snippet:-1, max-image-preview:large, max-video-preview:-1\" \/>\n<link rel=\"canonical\" href=\"https:\/\/www.fincasmallorcacharme.com\/blog\/hiking-in-mallorca-routes-and-recommendations\/\" \/>\n<meta property=\"og:locale\" content=\"es_ES\" \/>\n<meta property=\"og:type\" content=\"article\" \/>\n<meta property=\"og:title\" content=\"Senderismo en Mallorca - rutas y recomendaciones - Blog Mallorca Charme\" \/>\n<meta property=\"og:description\" content=\"Mallorca es un destino ideal para el senderismo. El clima templado de las Islas Baleares es ideal para el senderismo en muchas zonas de la isla. En nuestro blog mostramos todo tipo de excursiones y consejos para todas las edades y exigencias. Desde id\u00edlicos senderos costeros hasta rutas por las impresionantes monta\u00f1as de la Serra...\" \/>\n<meta property=\"og:url\" content=\"https:\/\/www.fincasmallorcacharme.com\/blog\/hiking-in-mallorca-routes-and-recommendations\/\" \/>\n<meta property=\"og:site_name\" content=\"Blog Mallorca Charme\" \/>\n<meta property=\"article:modified_time\" content=\"2021-07-01T11:31:52+00:00\" \/>\n<meta property=\"og:image\" content=\"https:\/\/www.fincasmallorcacharme.com\/blog\/wp-content\/uploads\/2019\/11\/hikking.png\" \/>\n\t<meta property=\"og:image:width\" content=\"686\" \/>\n\t<meta property=\"og:image:height\" content=\"487\" \/>\n\t<meta property=\"og:image:type\" content=\"image\/png\" \/>\n<meta name=\"twitter:card\" content=\"summary_large_image\" \/>\n<meta name=\"twitter:label1\" content=\"Tiempo de lectura\" \/>\n\t<meta name=\"twitter:data1\" content=\"2 minutos\" \/>\n<script type=\"application\/ld+json\" class=\"yoast-schema-graph\">{\"@context\":\"https:\/\/schema.org\",\"@graph\":[{\"@type\":\"WebPage\",\"@id\":\"https:\/\/www.fincasmallorcacharme.com\/blog\/hiking-in-mallorca-routes-and-recommendations\/\",\"url\":\"https:\/\/www.fincasmallorcacharme.com\/blog\/hiking-in-mallorca-routes-and-recommendations\/\",\"name\":\"Senderismo en Mallorca - rutas y recomendaciones - Blog Mallorca Charme\",\"isPartOf\":{\"@id\":\"https:\/\/www.fincasmallorcacharme.com\/blog\/en\/#website\"},\"primaryImageOfPage\":{\"@id\":\"https:\/\/www.fincasmallorcacharme.com\/blog\/hiking-in-mallorca-routes-and-recommendations\/#primaryimage\"},\"image\":{\"@id\":\"https:\/\/www.fincasmallorcacharme.com\/blog\/hiking-in-mallorca-routes-and-recommendations\/#primaryimage\"},\"thumbnailUrl\":\"https:\/\/www.fincasmallorcacharme.com\/blog\/wp-content\/uploads\/2019\/11\/hikking.png\",\"datePublished\":\"2021-07-01T11:14:08+00:00\",\"dateModified\":\"2021-07-01T11:31:52+00:00\",\"inLanguage\":\"es\",\"potentialAction\":[{\"@type\":\"ReadAction\",\"target\":[\"https:\/\/www.fincasmallorcacharme.com\/blog\/hiking-in-mallorca-routes-and-recommendations\/\"]}]},{\"@type\":\"ImageObject\",\"inLanguage\":\"es\",\"@id\":\"https:\/\/www.fincasmallorcacharme.com\/blog\/hiking-in-mallorca-routes-and-recommendations\/#primaryimage\",\"url\":\"https:\/\/www.fincasmallorcacharme.com\/blog\/wp-content\/uploads\/2019\/11\/hikking.png\",\"contentUrl\":\"https:\/\/www.fincasmallorcacharme.com\/blog\/wp-content\/uploads\/2019\/11\/hikking.png\",\"width\":686,\"height\":487},{\"@type\":\"WebSite\",\"@id\":\"https:\/\/www.fincasmallorcacharme.com\/blog\/en\/#website\",\"url\":\"https:\/\/www.fincasmallorcacharme.com\/blog\/en\/\",\"name\":\"Blog Mallorca Charme\",\"description\":\"Fincasmallorcacharme Blog\",\"publisher\":{\"@id\":\"https:\/\/www.fincasmallorcacharme.com\/blog\/en\/#organization\"},\"potentialAction\":[{\"@type\":\"SearchAction\",\"target\":{\"@type\":\"EntryPoint\",\"urlTemplate\":\"https:\/\/www.fincasmallorcacharme.com\/blog\/en\/?s={search_term_string}\"},\"query-input\":{\"@type\":\"PropertyValueSpecification\",\"valueRequired\":true,\"valueName\":\"search_term_string\"}}],\"inLanguage\":\"es\"},{\"@type\":\"Organization\",\"@id\":\"https:\/\/www.fincasmallorcacharme.com\/blog\/en\/#organization\",\"name\":\"Blog Mallorca Charme\",\"url\":\"https:\/\/www.fincasmallorcacharme.com\/blog\/en\/\",\"logo\":{\"@type\":\"ImageObject\",\"inLanguage\":\"es\",\"@id\":\"https:\/\/www.fincasmallorcacharme.com\/blog\/en\/#\/schema\/logo\/image\/\",\"url\":\"https:\/\/www.fincasmallorcacharme.com\/blog\/wp-content\/uploads\/2020\/02\/cropped-headerrrrr-1.png\",\"contentUrl\":\"https:\/\/www.fincasmallorcacharme.com\/blog\/wp-content\/uploads\/2020\/02\/cropped-headerrrrr-1.png\",\"width\":1250,\"height\":250,\"caption\":\"Blog Mallorca Charme\"},\"image\":{\"@id\":\"https:\/\/www.fincasmallorcacharme.com\/blog\/en\/#\/schema\/logo\/image\/\"}}]}<\/script>\n<!-- \/ Yoast SEO plugin. -->","yoast_head_json":{"title":"Senderismo en Mallorca - rutas y recomendaciones - Blog Mallorca Charme","robots":{"index":"index","follow":"follow","max-snippet":"max-snippet:-1","max-image-preview":"max-image-preview:large","max-video-preview":"max-video-preview:-1"},"canonical":"https:\/\/www.fincasmallorcacharme.com\/blog\/hiking-in-mallorca-routes-and-recommendations\/","og_locale":"es_ES","og_type":"article","og_title":"Senderismo en Mallorca - rutas y recomendaciones - Blog Mallorca Charme","og_description":"Mallorca es un destino ideal para el senderismo. El clima templado de las Islas Baleares es ideal para el senderismo en muchas zonas de la isla. En nuestro blog mostramos todo tipo de excursiones y consejos para todas las edades y exigencias. Desde id\u00edlicos senderos costeros hasta rutas por las impresionantes monta\u00f1as de la Serra...","og_url":"https:\/\/www.fincasmallorcacharme.com\/blog\/hiking-in-mallorca-routes-and-recommendations\/","og_site_name":"Blog Mallorca Charme","article_modified_time":"2021-07-01T11:31:52+00:00","og_image":[{"width":686,"height":487,"url":"https:\/\/www.fincasmallorcacharme.com\/blog\/wp-content\/uploads\/2019\/11\/hikking.png","type":"image\/png"}],"twitter_card":"summary_large_image","twitter_misc":{"Tiempo de lectura":"2 minutos"},"schema":{"@context":"https:\/\/schema.org","@graph":[{"@type":"WebPage","@id":"https:\/\/www.fincasmallorcacharme.com\/blog\/hiking-in-mallorca-routes-and-recommendations\/","url":"https:\/\/www.fincasmallorcacharme.com\/blog\/hiking-in-mallorca-routes-and-recommendations\/","name":"Senderismo en Mallorca - rutas y recomendaciones - Blog Mallorca Charme","isPartOf":{"@id":"https:\/\/www.fincasmallorcacharme.com\/blog\/en\/#website"},"primaryImageOfPage":{"@id":"https:\/\/www.fincasmallorcacharme.com\/blog\/hiking-in-mallorca-routes-and-recommendations\/#primaryimage"},"image":{"@id":"https:\/\/www.fincasmallorcacharme.com\/blog\/hiking-in-mallorca-routes-and-recommendations\/#primaryimage"},"thumbnailUrl":"https:\/\/www.fincasmallorcacharme.com\/blog\/wp-content\/uploads\/2019\/11\/hikking.png","datePublished":"2021-07-01T11:14:08+00:00","dateModified":"2021-07-01T11:31:52+00:00","inLanguage":"es","potentialAction":[{"@type":"ReadAction","target":["https:\/\/www.fincasmallorcacharme.com\/blog\/hiking-in-mallorca-routes-and-recommendations\/"]}]},{"@type":"ImageObject","inLanguage":"es","@id":"https:\/\/www.fincasmallorcacharme.com\/blog\/hiking-in-mallorca-routes-and-recommendations\/#primaryimage","url":"https:\/\/www.fincasmallorcacharme.com\/blog\/wp-content\/uploads\/2019\/11\/hikking.png","contentUrl":"https:\/\/www.fincasmallorcacharme.com\/blog\/wp-content\/uploads\/2019\/11\/hikking.png","width":686,"height":487},{"@type":"WebSite","@id":"https:\/\/www.fincasmallorcacharme.com\/blog\/en\/#website","url":"https:\/\/www.fincasmallorcacharme.com\/blog\/en\/","name":"Blog Mallorca Charme","description":"Fincasmallorcacharme Blog","publisher":{"@id":"https:\/\/www.fincasmallorcacharme.com\/blog\/en\/#organization"},"potentialAction":[{"@type":"SearchAction","target":{"@type":"EntryPoint","urlTemplate":"https:\/\/www.fincasmallorcacharme.com\/blog\/en\/?s={search_term_string}"},"query-input":{"@type":"PropertyValueSpecification","valueRequired":true,"valueName":"search_term_string"}}],"inLanguage":"es"},{"@type":"Organization","@id":"https:\/\/www.fincasmallorcacharme.com\/blog\/en\/#organization","name":"Blog Mallorca Charme","url":"https:\/\/www.fincasmallorcacharme.com\/blog\/en\/","logo":{"@type":"ImageObject","inLanguage":"es","@id":"https:\/\/www.fincasmallorcacharme.com\/blog\/en\/#\/schema\/logo\/image\/","url":"https:\/\/www.fincasmallorcacharme.com\/blog\/wp-content\/uploads\/2020\/02\/cropped-headerrrrr-1.png","contentUrl":"https:\/\/www.fincasmallorcacharme.com\/blog\/wp-content\/uploads\/2020\/02\/cropped-headerrrrr-1.png","width":1250,"height":250,"caption":"Blog Mallorca Charme"},"image":{"@id":"https:\/\/www.fincasmallorcacharme.com\/blog\/en\/#\/schema\/logo\/image\/"}}]}},"amp_enabled":false,"_links":{"self":[{"href":"https:\/\/www.fincasmallorcacharme.com\/blog\/wp-json\/wp\/v2\/pages\/2649","targetHints":{"allow":["GET"]}}],"collection":[{"href":"https:\/\/www.fincasmallorcacharme.com\/blog\/wp-json\/wp\/v2\/pages"}],"about":[{"href":"https:\/\/www.fincasmallorcacharme.com\/blog\/wp-json\/wp\/v2\/types\/page"}],"author":[{"embeddable":true,"href":"https:\/\/www.fincasmallorcacharme.com\/blog\/wp-json\/wp\/v2\/users\/2"}],"replies":[{"embeddable":true,"href":"https:\/\/www.fincasmallorcacharme.com\/blog\/wp-json\/wp\/v2\/comments?post=2649"}],"version-history":[{"count":4,"href":"https:\/\/www.fincasmallorcacharme.com\/blog\/wp-json\/wp\/v2\/pages\/2649\/revisions"}],"predecessor-version":[{"id":2653,"href":"https:\/\/www.fincasmallorcacharme.com\/blog\/wp-json\/wp\/v2\/pages\/2649\/revisions\/2653"}],"wp:featuredmedia":[{"embeddable":true,"href":"https:\/\/www.fincasmallorcacharme.com\/blog\/wp-json\/wp\/v2\/media\/1222"}],"wp:attachment":[{"href":"https:\/\/www.fincasmallorcacharme.com\/blog\/wp-json\/wp\/v2\/media?parent=2649"}],"curies":[{"name":"wp","href":"https:\/\/api.w.org\/{rel}","templated":true}]}}