{"id":2641,"date":"2021-07-01T10:47:16","date_gmt":"2021-07-01T10:47:16","guid":{"rendered":"https:\/\/www.fincasmallorcacharme.com\/blog\/?page_id=2641"},"modified":"2021-07-01T10:48:13","modified_gmt":"2021-07-01T10:48:13","slug":"dragonera-insel","status":"publish","type":"page","link":"https:\/\/www.fincasmallorcacharme.com\/blog\/dragonera-insel\/","title":{"rendered":"Dragonera Insel"},"content":{"rendered":"<p style=\"text-align: center;\">A menos de un kil\u00f3metro de Mallorca, Dragonera es una isla para los amantes de la naturaleza y el senderismo, un lugar para los que buscan lugares inexplorados y paisajes v\u00edrgenes donde el tiempo parece haberse detenido.<\/p>\n<div id=\"toc_container\" class=\"no_bullets\"><p class=\"toc_title\">&Uuml;bersicht<\/p><ul class=\"toc_list\"><li><a href=\"#Que_ver_en_Dragonera\"><span class=\"toc_number toc_depth_1\">1<\/span> Qu\u00e9 ver en Dragonera<\/a><\/li><li><a href=\"#Como_llegar_a_Dragonera\"><span class=\"toc_number toc_depth_1\">2<\/span> C\u00f3mo llegar a Dragonera<\/a><ul><li><a href=\"#Excursiones_organizadas\"><span class=\"toc_number toc_depth_2\">2.1<\/span> Excursiones organizadas<\/a><\/li><li><a href=\"#Ferry\"><span class=\"toc_number toc_depth_2\">2.2<\/span> Ferry<\/a><\/li><\/ul><\/li><li><a href=\"#Dragonera_es_una_isla_para_perderse_y_encontrarse\"><span class=\"toc_number toc_depth_1\">3<\/span> Dragonera es una isla para perderse y encontrarse<\/a><\/li><\/ul><\/div>\n<h2 style=\"text-align: center;\"><span id=\"Que_ver_en_Dragonera\">Qu\u00e9 ver en Dragonera<\/span><\/h2>\n<p style=\"text-align: center;\">Una vez en el muelle, lo mejor es perderse por la isla, aunque hay cuatro senderos con rutas marcadas que llevan a los mejores miradores y lugares de inter\u00e9s de Dragonera.<\/p>\n<p style=\"text-align: center;\">Faro de Tramontana: Con una hora de diferencia entre las dos excursiones, la ruta m\u00e1s corta desde el puerto le lleva hasta el faro de Tramontana, un punto elevado desde el que podr\u00e1 disfrutar de unas magn\u00edficas vistas de la costa de Mallorca desde la distancia.<\/p>\n<p style=\"text-align: center;\">&nbsp;<\/p>\n<p style=\"text-align: center;\"><img fetchpriority=\"high\" decoding=\"async\" class=\"aligncenter size-full wp-image-2488\" src=\"http:\/\/www.fincasmallorcacharme.com\/blog\/wp-content\/uploads\/2020\/10\/Diseno-sin-titulo-2020-10-31T141209.320.jpg\" alt=\"\" width=\"768\" height=\"488\" srcset=\"https:\/\/www.fincasmallorcacharme.com\/blog\/wp-content\/uploads\/2020\/10\/Diseno-sin-titulo-2020-10-31T141209.320.jpg 768w, https:\/\/www.fincasmallorcacharme.com\/blog\/wp-content\/uploads\/2020\/10\/Diseno-sin-titulo-2020-10-31T141209.320-300x191.jpg 300w\" sizes=\"(max-width: 768px) 100vw, 768px\" \/><br \/>\nFaro Viejo: Construido en 1850, el antiguo faro de la isla, conocido como Faro de Na Popia, tuvo que luchar contra las nubes y la niebla durante a\u00f1os, por lo que acab\u00f3 siendo descuidado. Es un agradable balc\u00f3n desde el que se puede contemplar a vista de p\u00e1jaro Mallorca y la inmensidad del Mediterr\u00e1neo.<br \/>\nFaro de Llebeig: Otra opci\u00f3n para aquellos que dispongan de suficiente tiempo en la isla, ya que la ruta dura tres horas, es caminar hasta el Faro de Llebeig, un antiguo puesto de vigilancia construido para proteger la zona de la llegada de piratas.<\/p>\n<p style=\"text-align: center;\"><img decoding=\"async\" class=\"aligncenter size-full wp-image-2494\" src=\"http:\/\/www.fincasmallorcacharme.com\/blog\/wp-content\/uploads\/2020\/10\/Diseno-sin-titulo-2020-10-31T141123.690.jpg\" alt=\"\" width=\"768\" height=\"488\" srcset=\"https:\/\/www.fincasmallorcacharme.com\/blog\/wp-content\/uploads\/2020\/10\/Diseno-sin-titulo-2020-10-31T141123.690.jpg 768w, https:\/\/www.fincasmallorcacharme.com\/blog\/wp-content\/uploads\/2020\/10\/Diseno-sin-titulo-2020-10-31T141123.690-300x191.jpg 300w\" sizes=\"(max-width: 768px) 100vw, 768px\" \/><br \/>\nPunta de na Miranda: Es una de las rutas m\u00e1s f\u00e1ciles de realizar en Dragonera. Ofrece hermosas vistas sobre Cala Llad\u00f3 y las antiguas zonas agr\u00edcolas.<br \/>\nGracias al excelente estado de conservaci\u00f3n de Dragonera, cuenta con flora y fauna end\u00e9micas, entre las que destacan los peque\u00f1os &#8220;dragones&#8221; que dan nombre a la isla y diferentes familias de aves.<\/p>\n<p style=\"text-align: center;\">Los escarpados acantilados de la isla Dragonera hacen que no abunden las calas y playas. Por ello, los visitantes que quieren disfrutar de las aguas claras de la isla suelen congregarse en torno a la peque\u00f1a cala que hay junto al puerto.<\/p>\n<h2 style=\"text-align: center;\"><span id=\"Como_llegar_a_Dragonera\">C\u00f3mo llegar a Dragonera<\/span><\/h2>\n<p style=\"text-align: center;\">La \u00fanica forma de llegar a la isla Dragonera es en barco. Aqu\u00ed est\u00e1n las diferentes opciones:<\/p>\n<h3 style=\"text-align: center;\"><span id=\"Excursiones_organizadas\">Excursiones organizadas<\/span><\/h3>\n<p style=\"text-align: center;\">Durante la excursi\u00f3n a la isla Dragonera, hay varias paradas para hacer snorkel, donde podr\u00e1 disfrutar de las claras aguas del mar Mediterr\u00e1neo saltando desde el barco, as\u00ed como disfrutar de una agradable comida a bordo antes de atracar en la isla.<\/p>\n<p style=\"text-align: center;\"><img fetchpriority=\"high\" decoding=\"async\" class=\"aligncenter size-full wp-image-2488\" src=\"http:\/\/www.fincasmallorcacharme.com\/blog\/wp-content\/uploads\/2020\/10\/Diseno-sin-titulo-2020-10-31T141209.320.jpg\" alt=\"\" width=\"768\" height=\"488\" srcset=\"https:\/\/www.fincasmallorcacharme.com\/blog\/wp-content\/uploads\/2020\/10\/Diseno-sin-titulo-2020-10-31T141209.320.jpg 768w, https:\/\/www.fincasmallorcacharme.com\/blog\/wp-content\/uploads\/2020\/10\/Diseno-sin-titulo-2020-10-31T141209.320-300x191.jpg 300w\" sizes=\"(max-width: 768px) 100vw, 768px\" \/><\/p>\n<p style=\"text-align: center;\">Catamar\u00e1n por la costa de Mallorca y la isla Dragonera<\/p>\n<p style=\"text-align: center;\">Excursi\u00f3n en barco a la isla Dragonera<\/p>\n<h3 style=\"text-align: center;\"><span id=\"Ferry\">Ferry<\/span><\/h3>\n<p style=\"text-align: center;\">En temporada alta, los barcos ofrecen salidas desde San Telmo cada 30 minutos entre las 9.45 y las 14.15 horas (en otros meses, los horarios son bastante reducidos y no se ofrece ning\u00fan servicio en invierno). El viaje dura unos 20 minutos y el precio del billete es de 13 euros, incluyendo el viaje de ida y vuelta.<\/p>\n<p style=\"text-align: center;\">Es importante tener en cuenta que el n\u00famero de personas que pueden entrar en la isla cada d\u00eda est\u00e1 limitado para evitar problemas de masificaci\u00f3n.<\/p>\n<p style=\"text-align: center;\"><img decoding=\"async\" class=\"aligncenter size-full wp-image-2485\" src=\"http:\/\/www.fincasmallorcacharme.com\/blog\/wp-content\/uploads\/2020\/10\/Diseno-sin-titulo-2020-10-31T141259.850.jpg\" alt=\"\" width=\"768\" height=\"488\" srcset=\"https:\/\/www.fincasmallorcacharme.com\/blog\/wp-content\/uploads\/2020\/10\/Diseno-sin-titulo-2020-10-31T141259.850.jpg 768w, https:\/\/www.fincasmallorcacharme.com\/blog\/wp-content\/uploads\/2020\/10\/Diseno-sin-titulo-2020-10-31T141259.850-300x191.jpg 300w\" sizes=\"(max-width: 768px) 100vw, 768px\" \/><\/p>\n<h2 style=\"text-align: center;\"><span id=\"Dragonera_es_una_isla_para_perderse_y_encontrarse\">Dragonera es una isla para perderse y encontrarse<\/span><\/h2>\n<p style=\"text-align: center;\"><img loading=\"lazy\" decoding=\"async\" class=\"aligncenter size-full wp-image-2482\" src=\"http:\/\/www.fincasmallorcacharme.com\/blog\/wp-content\/uploads\/2020\/10\/Diseno-sin-titulo-2020-10-31T141337.294.jpg\" alt=\"\" width=\"768\" height=\"488\" srcset=\"https:\/\/www.fincasmallorcacharme.com\/blog\/wp-content\/uploads\/2020\/10\/Diseno-sin-titulo-2020-10-31T141337.294.jpg 768w, https:\/\/www.fincasmallorcacharme.com\/blog\/wp-content\/uploads\/2020\/10\/Diseno-sin-titulo-2020-10-31T141337.294-300x191.jpg 300w\" sizes=\"(max-width: 768px) 100vw, 768px\" \/><\/p>\n<p style=\"text-align: center;\">Si busca una naturaleza inexplorada, apenas tocada por el hombre, el viaje a Dragonera es la opci\u00f3n ideal para disfrutar de un d\u00eda alejado del ruido y el bullicio. Por otro lado, si lo que se busca es una isla donde se pueda caminar c\u00f3modamente y disfrutar de la playa, el viaje a la isla Dragonera no es para usted.<\/p>\n<p style=\"text-align: center;\">&nbsp;<\/p>\n","protected":false},"excerpt":{"rendered":"<p>A menos de un kil\u00f3metro de Mallorca, Dragonera es una isla para los amantes de la naturaleza y el senderismo, un lugar para los que buscan lugares inexplorados y paisajes v\u00edrgenes donde el tiempo parece haberse detenido. &Uuml;bersicht1 Qu\u00e9 ver en Dragonera2 C\u00f3mo llegar a Dragonera2.1 Excursiones organizadas2.2 Ferry3 Dragonera es una isla para perderse&#8230;<\/p>\n","protected":false},"author":2,"featured_media":2499,"parent":0,"menu_order":0,"comment_status":"closed","ping_status":"closed","template":"","meta":{"ngg_post_thumbnail":0,"footnotes":""},"class_list":["post-2641","page","type-page","status-publish","has-post-thumbnail","hentry"],"yoast_head":"<!-- This site is optimized with the Yoast SEO plugin v26.2 - https:\/\/yoast.com\/wordpress\/plugins\/seo\/ -->\n<title>Dragonera Insel - Blog Mallorca Charme<\/title>\n<meta name=\"robots\" content=\"index, follow, max-snippet:-1, max-image-preview:large, max-video-preview:-1\" \/>\n<link rel=\"canonical\" href=\"https:\/\/www.fincasmallorcacharme.com\/blog\/dragonera-insel\/\" \/>\n<meta property=\"og:locale\" content=\"es_ES\" \/>\n<meta property=\"og:type\" content=\"article\" \/>\n<meta property=\"og:title\" content=\"Dragonera Insel - Blog Mallorca Charme\" \/>\n<meta property=\"og:description\" content=\"A menos de un kil\u00f3metro de Mallorca, Dragonera es una isla para los amantes de la naturaleza y el senderismo, un lugar para los que buscan lugares inexplorados y paisajes v\u00edrgenes donde el tiempo parece haberse detenido. &Uuml;bersicht1 Qu\u00e9 ver en Dragonera2 C\u00f3mo llegar a Dragonera2.1 Excursiones organizadas2.2 Ferry3 Dragonera es una isla para perderse...\" \/>\n<meta property=\"og:url\" content=\"https:\/\/www.fincasmallorcacharme.com\/blog\/dragonera-insel\/\" \/>\n<meta property=\"og:site_name\" content=\"Blog Mallorca Charme\" \/>\n<meta property=\"article:modified_time\" content=\"2021-07-01T10:48:13+00:00\" \/>\n<meta property=\"og:image\" content=\"https:\/\/www.fincasmallorcacharme.com\/blog\/wp-content\/uploads\/2020\/10\/Diseno-sin-titulo-2020-10-31T141057.750.jpg\" \/>\n\t<meta property=\"og:image:width\" content=\"768\" \/>\n\t<meta property=\"og:image:height\" content=\"488\" \/>\n\t<meta property=\"og:image:type\" content=\"image\/jpeg\" \/>\n<meta name=\"twitter:card\" content=\"summary_large_image\" \/>\n<meta name=\"twitter:label1\" content=\"Tiempo de lectura\" \/>\n\t<meta name=\"twitter:data1\" content=\"4 minutos\" \/>\n<script type=\"application\/ld+json\" class=\"yoast-schema-graph\">{\"@context\":\"https:\/\/schema.org\",\"@graph\":[{\"@type\":\"WebPage\",\"@id\":\"https:\/\/www.fincasmallorcacharme.com\/blog\/dragonera-insel\/\",\"url\":\"https:\/\/www.fincasmallorcacharme.com\/blog\/dragonera-insel\/\",\"name\":\"Dragonera Insel - Blog Mallorca Charme\",\"isPartOf\":{\"@id\":\"https:\/\/www.fincasmallorcacharme.com\/blog\/en\/#website\"},\"primaryImageOfPage\":{\"@id\":\"https:\/\/www.fincasmallorcacharme.com\/blog\/dragonera-insel\/#primaryimage\"},\"image\":{\"@id\":\"https:\/\/www.fincasmallorcacharme.com\/blog\/dragonera-insel\/#primaryimage\"},\"thumbnailUrl\":\"https:\/\/www.fincasmallorcacharme.com\/blog\/wp-content\/uploads\/2020\/10\/Diseno-sin-titulo-2020-10-31T141057.750.jpg\",\"datePublished\":\"2021-07-01T10:47:16+00:00\",\"dateModified\":\"2021-07-01T10:48:13+00:00\",\"inLanguage\":\"es\",\"potentialAction\":[{\"@type\":\"ReadAction\",\"target\":[\"https:\/\/www.fincasmallorcacharme.com\/blog\/dragonera-insel\/\"]}]},{\"@type\":\"ImageObject\",\"inLanguage\":\"es\",\"@id\":\"https:\/\/www.fincasmallorcacharme.com\/blog\/dragonera-insel\/#primaryimage\",\"url\":\"https:\/\/www.fincasmallorcacharme.com\/blog\/wp-content\/uploads\/2020\/10\/Diseno-sin-titulo-2020-10-31T141057.750.jpg\",\"contentUrl\":\"https:\/\/www.fincasmallorcacharme.com\/blog\/wp-content\/uploads\/2020\/10\/Diseno-sin-titulo-2020-10-31T141057.750.jpg\",\"width\":768,\"height\":488},{\"@type\":\"WebSite\",\"@id\":\"https:\/\/www.fincasmallorcacharme.com\/blog\/en\/#website\",\"url\":\"https:\/\/www.fincasmallorcacharme.com\/blog\/en\/\",\"name\":\"Blog Mallorca Charme\",\"description\":\"Fincasmallorcacharme Blog\",\"publisher\":{\"@id\":\"https:\/\/www.fincasmallorcacharme.com\/blog\/en\/#organization\"},\"potentialAction\":[{\"@type\":\"SearchAction\",\"target\":{\"@type\":\"EntryPoint\",\"urlTemplate\":\"https:\/\/www.fincasmallorcacharme.com\/blog\/en\/?s={search_term_string}\"},\"query-input\":{\"@type\":\"PropertyValueSpecification\",\"valueRequired\":true,\"valueName\":\"search_term_string\"}}],\"inLanguage\":\"es\"},{\"@type\":\"Organization\",\"@id\":\"https:\/\/www.fincasmallorcacharme.com\/blog\/en\/#organization\",\"name\":\"Blog Mallorca Charme\",\"url\":\"https:\/\/www.fincasmallorcacharme.com\/blog\/en\/\",\"logo\":{\"@type\":\"ImageObject\",\"inLanguage\":\"es\",\"@id\":\"https:\/\/www.fincasmallorcacharme.com\/blog\/en\/#\/schema\/logo\/image\/\",\"url\":\"https:\/\/www.fincasmallorcacharme.com\/blog\/wp-content\/uploads\/2020\/02\/cropped-headerrrrr-1.png\",\"contentUrl\":\"https:\/\/www.fincasmallorcacharme.com\/blog\/wp-content\/uploads\/2020\/02\/cropped-headerrrrr-1.png\",\"width\":1250,\"height\":250,\"caption\":\"Blog Mallorca Charme\"},\"image\":{\"@id\":\"https:\/\/www.fincasmallorcacharme.com\/blog\/en\/#\/schema\/logo\/image\/\"}}]}<\/script>\n<!-- \/ Yoast SEO plugin. -->","yoast_head_json":{"title":"Dragonera Insel - Blog Mallorca Charme","robots":{"index":"index","follow":"follow","max-snippet":"max-snippet:-1","max-image-preview":"max-image-preview:large","max-video-preview":"max-video-preview:-1"},"canonical":"https:\/\/www.fincasmallorcacharme.com\/blog\/dragonera-insel\/","og_locale":"es_ES","og_type":"article","og_title":"Dragonera Insel - Blog Mallorca Charme","og_description":"A menos de un kil\u00f3metro de Mallorca, Dragonera es una isla para los amantes de la naturaleza y el senderismo, un lugar para los que buscan lugares inexplorados y paisajes v\u00edrgenes donde el tiempo parece haberse detenido. &Uuml;bersicht1 Qu\u00e9 ver en Dragonera2 C\u00f3mo llegar a Dragonera2.1 Excursiones organizadas2.2 Ferry3 Dragonera es una isla para perderse...","og_url":"https:\/\/www.fincasmallorcacharme.com\/blog\/dragonera-insel\/","og_site_name":"Blog Mallorca Charme","article_modified_time":"2021-07-01T10:48:13+00:00","og_image":[{"width":768,"height":488,"url":"https:\/\/www.fincasmallorcacharme.com\/blog\/wp-content\/uploads\/2020\/10\/Diseno-sin-titulo-2020-10-31T141057.750.jpg","type":"image\/jpeg"}],"twitter_card":"summary_large_image","twitter_misc":{"Tiempo de lectura":"4 minutos"},"schema":{"@context":"https:\/\/schema.org","@graph":[{"@type":"WebPage","@id":"https:\/\/www.fincasmallorcacharme.com\/blog\/dragonera-insel\/","url":"https:\/\/www.fincasmallorcacharme.com\/blog\/dragonera-insel\/","name":"Dragonera Insel - Blog Mallorca Charme","isPartOf":{"@id":"https:\/\/www.fincasmallorcacharme.com\/blog\/en\/#website"},"primaryImageOfPage":{"@id":"https:\/\/www.fincasmallorcacharme.com\/blog\/dragonera-insel\/#primaryimage"},"image":{"@id":"https:\/\/www.fincasmallorcacharme.com\/blog\/dragonera-insel\/#primaryimage"},"thumbnailUrl":"https:\/\/www.fincasmallorcacharme.com\/blog\/wp-content\/uploads\/2020\/10\/Diseno-sin-titulo-2020-10-31T141057.750.jpg","datePublished":"2021-07-01T10:47:16+00:00","dateModified":"2021-07-01T10:48:13+00:00","inLanguage":"es","potentialAction":[{"@type":"ReadAction","target":["https:\/\/www.fincasmallorcacharme.com\/blog\/dragonera-insel\/"]}]},{"@type":"ImageObject","inLanguage":"es","@id":"https:\/\/www.fincasmallorcacharme.com\/blog\/dragonera-insel\/#primaryimage","url":"https:\/\/www.fincasmallorcacharme.com\/blog\/wp-content\/uploads\/2020\/10\/Diseno-sin-titulo-2020-10-31T141057.750.jpg","contentUrl":"https:\/\/www.fincasmallorcacharme.com\/blog\/wp-content\/uploads\/2020\/10\/Diseno-sin-titulo-2020-10-31T141057.750.jpg","width":768,"height":488},{"@type":"WebSite","@id":"https:\/\/www.fincasmallorcacharme.com\/blog\/en\/#website","url":"https:\/\/www.fincasmallorcacharme.com\/blog\/en\/","name":"Blog Mallorca Charme","description":"Fincasmallorcacharme Blog","publisher":{"@id":"https:\/\/www.fincasmallorcacharme.com\/blog\/en\/#organization"},"potentialAction":[{"@type":"SearchAction","target":{"@type":"EntryPoint","urlTemplate":"https:\/\/www.fincasmallorcacharme.com\/blog\/en\/?s={search_term_string}"},"query-input":{"@type":"PropertyValueSpecification","valueRequired":true,"valueName":"search_term_string"}}],"inLanguage":"es"},{"@type":"Organization","@id":"https:\/\/www.fincasmallorcacharme.com\/blog\/en\/#organization","name":"Blog Mallorca Charme","url":"https:\/\/www.fincasmallorcacharme.com\/blog\/en\/","logo":{"@type":"ImageObject","inLanguage":"es","@id":"https:\/\/www.fincasmallorcacharme.com\/blog\/en\/#\/schema\/logo\/image\/","url":"https:\/\/www.fincasmallorcacharme.com\/blog\/wp-content\/uploads\/2020\/02\/cropped-headerrrrr-1.png","contentUrl":"https:\/\/www.fincasmallorcacharme.com\/blog\/wp-content\/uploads\/2020\/02\/cropped-headerrrrr-1.png","width":1250,"height":250,"caption":"Blog Mallorca Charme"},"image":{"@id":"https:\/\/www.fincasmallorcacharme.com\/blog\/en\/#\/schema\/logo\/image\/"}}]}},"amp_enabled":true,"_links":{"self":[{"href":"https:\/\/www.fincasmallorcacharme.com\/blog\/wp-json\/wp\/v2\/pages\/2641","targetHints":{"allow":["GET"]}}],"collection":[{"href":"https:\/\/www.fincasmallorcacharme.com\/blog\/wp-json\/wp\/v2\/pages"}],"about":[{"href":"https:\/\/www.fincasmallorcacharme.com\/blog\/wp-json\/wp\/v2\/types\/page"}],"author":[{"embeddable":true,"href":"https:\/\/www.fincasmallorcacharme.com\/blog\/wp-json\/wp\/v2\/users\/2"}],"replies":[{"embeddable":true,"href":"https:\/\/www.fincasmallorcacharme.com\/blog\/wp-json\/wp\/v2\/comments?post=2641"}],"version-history":[{"count":3,"href":"https:\/\/www.fincasmallorcacharme.com\/blog\/wp-json\/wp\/v2\/pages\/2641\/revisions"}],"predecessor-version":[{"id":2644,"href":"https:\/\/www.fincasmallorcacharme.com\/blog\/wp-json\/wp\/v2\/pages\/2641\/revisions\/2644"}],"wp:featuredmedia":[{"embeddable":true,"href":"https:\/\/www.fincasmallorcacharme.com\/blog\/wp-json\/wp\/v2\/media\/2499"}],"wp:attachment":[{"href":"https:\/\/www.fincasmallorcacharme.com\/blog\/wp-json\/wp\/v2\/media?parent=2641"}],"curies":[{"name":"wp","href":"https:\/\/api.w.org\/{rel}","templated":true}]}}