{"id":2481,"date":"2020-10-31T13:22:19","date_gmt":"2020-10-31T13:22:19","guid":{"rendered":"http:\/\/www.fincasmallorcacharme.com\/blog\/?page_id=2481"},"modified":"2020-10-31T13:22:19","modified_gmt":"2020-10-31T13:22:19","slug":"dragonera-insel","status":"publish","type":"page","link":"https:\/\/www.fincasmallorcacharme.com\/blog\/de\/dragonera-insel\/","title":{"rendered":"Dragonera Insel"},"content":{"rendered":"<p>Weniger als einen Kilometer von Mallorca entfernt, ist Dragonera eine Insel f\u00fcr Natur- und Wanderfreunde, ein Ort f\u00fcr diejenigen, die auf der Suche nach unerforschten Orten und unber\u00fchrten Landschaften sind, wo die Zeit stehen geblieben zu sein scheint.<\/p>\n<div id=\"toc_container\" class=\"no_bullets\"><p class=\"toc_title\">&Uuml;bersicht<\/p><ul class=\"toc_list\"><li><a href=\"#Was_es_in_Dragonera_zu_sehen_gibt\"><span class=\"toc_number toc_depth_1\">1<\/span> Was es in Dragonera zu sehen gibt<\/a><\/li><li><a href=\"#Wie_Sie_nach_Dragonera_gelangen\"><span class=\"toc_number toc_depth_1\">2<\/span> Wie Sie nach Dragonera gelangen<\/a><ul><li><a href=\"#Organisierte_Ausfluege\"><span class=\"toc_number toc_depth_2\">2.1<\/span> Organisierte Ausfl\u00fcge<\/a><\/li><li><a href=\"#Faehre\"><span class=\"toc_number toc_depth_2\">2.2<\/span> F\u00e4hre<\/a><\/li><\/ul><\/li><li><a href=\"#Dragonera_ist_eine_Insel_um_sich_zu_verlieren_und_sich_selbst_zu_finden\"><span class=\"toc_number toc_depth_1\">3<\/span> Dragonera ist eine Insel, um sich zu verlieren und sich selbst zu finden<\/a><\/li><\/ul><\/div>\n<h2><span id=\"Was_es_in_Dragonera_zu_sehen_gibt\">Was es in Dragonera zu sehen gibt<\/span><\/h2>\n<p>Am Pier angekommen, verirrt man sich am besten auf der Insel, obwohl es vier Wege mit markierten Routen gibt, die zu den besten Aussichtspunkten und Sehensw\u00fcrdigkeiten in Dragonera f\u00fchren.<\/p>\n<p>Leuchtturm von Tramontana: Mit einer Dauer von einer Stunde zwischen den beiden Fahrten erreicht man auf dem k\u00fcrzesten Weg vom Hafen aus den Leuchtturm von Tramontana, einen H\u00f6hepunkt, von dem aus man aus der Ferne einen herrlichen Blick auf die K\u00fcste Mallorcas hat.<\/p>\n<p><img fetchpriority=\"high\" decoding=\"async\" class=\"aligncenter size-full wp-image-2488\" src=\"http:\/\/www.fincasmallorcacharme.com\/blog\/wp-content\/uploads\/2020\/10\/Diseno-sin-titulo-2020-10-31T141209.320.jpg\" alt=\"\" width=\"768\" height=\"488\" srcset=\"https:\/\/www.fincasmallorcacharme.com\/blog\/wp-content\/uploads\/2020\/10\/Diseno-sin-titulo-2020-10-31T141209.320.jpg 768w, https:\/\/www.fincasmallorcacharme.com\/blog\/wp-content\/uploads\/2020\/10\/Diseno-sin-titulo-2020-10-31T141209.320-300x191.jpg 300w\" sizes=\"(max-width: 768px) 100vw, 768px\" \/><br \/>\nFaro Viejo (Alter Leuchtturm): Der 1850 erbaute alte Leuchtturm der Insel, bekannt als Faro de Na Popia, musste jahrelang gegen die Wolken und den Nebel ank\u00e4mpfen, so dass er schlie\u00dflich vernachl\u00e4ssigt wurde. Es ist ein angenehmer Balkon, von dem aus die Vogelperspektive auf Mallorca und die Weite des Mittelmeers zu sehen ist.<br \/>\nLeuchtturm von Llebeig: Eine weitere M\u00f6glichkeit f\u00fcr diejenigen, die gen\u00fcgend Zeit auf der Insel haben, da die Route drei Stunden dauert, ist der Weg zum Leuchtturm von Llebeig, einem alten Wachposten, der zum Schutz des Gebiets vor der Ankunft von Piraten errichtet wurde.<\/p>\n<p><img decoding=\"async\" class=\"aligncenter size-full wp-image-2494\" src=\"http:\/\/www.fincasmallorcacharme.com\/blog\/wp-content\/uploads\/2020\/10\/Diseno-sin-titulo-2020-10-31T141123.690.jpg\" alt=\"\" width=\"768\" height=\"488\" srcset=\"https:\/\/www.fincasmallorcacharme.com\/blog\/wp-content\/uploads\/2020\/10\/Diseno-sin-titulo-2020-10-31T141123.690.jpg 768w, https:\/\/www.fincasmallorcacharme.com\/blog\/wp-content\/uploads\/2020\/10\/Diseno-sin-titulo-2020-10-31T141123.690-300x191.jpg 300w\" sizes=\"(max-width: 768px) 100vw, 768px\" \/><br \/>\nPunta de na Miranda: Dies ist eine der einfachsten Routen, die man in Dragonera nehmen kann. Sie bietet sch\u00f6ne Ausblicke \u00fcber Cala Llad\u00f3 und die alten landwirtschaftlichen Gebiete.<br \/>\nDank des ausgezeichneten Erhaltungszustands von Dragonera verf\u00fcgt sie \u00fcber eine endemische Flora und Fauna, unter der die kleinen &#8220;Drachen&#8221;, die der Insel ihren Namen geben, sowie verschiedene Vogelfamilien hervorstechen.<\/p>\n<p>Die steilen Klippen der Insel Dragonera bedeuten, dass Buchten und Str\u00e4nde nicht reichlich vorhanden sind. Besucher, die das klare Wasser rund um die Insel genie\u00dfen m\u00f6chten, versammeln sich daher normalerweise um die kleine Bucht neben dem Hafen.<\/p>\n<h2><span id=\"Wie_Sie_nach_Dragonera_gelangen\">Wie Sie nach Dragonera gelangen<\/span><\/h2>\n<p>Die einzige M\u00f6glichkeit, die Insel Dragonera zu erreichen, ist mit dem Boot. Hier sind die verschiedenen Optionen:<\/p>\n<h3><span id=\"Organisierte_Ausfluege\">Organisierte Ausfl\u00fcge<\/span><\/h3>\n<p>W\u00e4hrend der Tour zur Insel Dragonera gibt es verschiedene Stopps zum Schnorcheln, bei denen Sie das klare Wasser des Mittelmeers genie\u00dfen k\u00f6nnen, indem Sie vom Boot springen, sowie eine angenehme Mahlzeit an Bord genie\u00dfen k\u00f6nnen, bevor Sie an der Insel anlegen.<\/p>\n<p><img fetchpriority=\"high\" decoding=\"async\" class=\"aligncenter size-full wp-image-2488\" src=\"http:\/\/www.fincasmallorcacharme.com\/blog\/wp-content\/uploads\/2020\/10\/Diseno-sin-titulo-2020-10-31T141209.320.jpg\" alt=\"\" width=\"768\" height=\"488\" srcset=\"https:\/\/www.fincasmallorcacharme.com\/blog\/wp-content\/uploads\/2020\/10\/Diseno-sin-titulo-2020-10-31T141209.320.jpg 768w, https:\/\/www.fincasmallorcacharme.com\/blog\/wp-content\/uploads\/2020\/10\/Diseno-sin-titulo-2020-10-31T141209.320-300x191.jpg 300w\" sizes=\"(max-width: 768px) 100vw, 768px\" \/><\/p>\n<p><strong>Katamaran entlang der K\u00fcste von Mallorca und der Insel Dragonera<\/strong><\/p>\n<p><strong>Bootsfahrt zur Insel Dragonera<\/strong><\/p>\n<h3><span id=\"Faehre\">F\u00e4hre<\/span><\/h3>\n<p>In der Hochsaison bieten die Boote alle 30 Minuten zwischen 9.45 Uhr und 14.15 Uhr Abfahrten von San Telmo an (in den \u00fcbrigen Monaten sind die Fahrpl\u00e4ne ziemlich reduziert und im Winter wird kein Service angeboten). Die Fahrt dauert etwa 20 Minuten und der Preis f\u00fcr die Fahrkarte betr\u00e4gt 13 Euro einschlie\u00dflich der R\u00fcckfahrt.<\/p>\n<p>Es ist wichtig zu beachten, dass die Zahl der Personen, die t\u00e4glich auf die Insel einreisen k\u00f6nnen, begrenzt ist, um Probleme der \u00dcberf\u00fcllung zu vermeiden.<\/p>\n<p><img decoding=\"async\" class=\"aligncenter size-full wp-image-2485\" src=\"http:\/\/www.fincasmallorcacharme.com\/blog\/wp-content\/uploads\/2020\/10\/Diseno-sin-titulo-2020-10-31T141259.850.jpg\" alt=\"\" width=\"768\" height=\"488\" srcset=\"https:\/\/www.fincasmallorcacharme.com\/blog\/wp-content\/uploads\/2020\/10\/Diseno-sin-titulo-2020-10-31T141259.850.jpg 768w, https:\/\/www.fincasmallorcacharme.com\/blog\/wp-content\/uploads\/2020\/10\/Diseno-sin-titulo-2020-10-31T141259.850-300x191.jpg 300w\" sizes=\"(max-width: 768px) 100vw, 768px\" \/><\/p>\n<h2><span id=\"Dragonera_ist_eine_Insel_um_sich_zu_verlieren_und_sich_selbst_zu_finden\">Dragonera ist eine Insel, um sich zu verlieren und sich selbst zu finden<\/span><\/h2>\n<p><img loading=\"lazy\" decoding=\"async\" class=\"aligncenter size-full wp-image-2482\" src=\"http:\/\/www.fincasmallorcacharme.com\/blog\/wp-content\/uploads\/2020\/10\/Diseno-sin-titulo-2020-10-31T141337.294.jpg\" alt=\"\" width=\"768\" height=\"488\" srcset=\"https:\/\/www.fincasmallorcacharme.com\/blog\/wp-content\/uploads\/2020\/10\/Diseno-sin-titulo-2020-10-31T141337.294.jpg 768w, https:\/\/www.fincasmallorcacharme.com\/blog\/wp-content\/uploads\/2020\/10\/Diseno-sin-titulo-2020-10-31T141337.294-300x191.jpg 300w\" sizes=\"(max-width: 768px) 100vw, 768px\" \/><\/p>\n<p>Wenn Sie auf der Suche nach einer unerforschten, vom Menschen kaum ber\u00fchrten Natur sind, ist der Ausflug nach Dragonera die ideale Wahl, um einen Tag fernab von L\u00e4rm und Hektik zu genie\u00dfen. Wenn Sie hingegen eine Insel suchen, auf der Sie bequem spazieren gehen und den Strand genie\u00dfen k\u00f6nnen, ist der Ausflug zur Insel Dragonera nicht das Richtige f\u00fcr Sie.<\/p>\n<p>&nbsp;<\/p>\n","protected":false},"excerpt":{"rendered":"<p>Weniger als einen Kilometer von Mallorca entfernt, ist Dragonera eine Insel f\u00fcr Natur- und Wanderfreunde, ein Ort f\u00fcr diejenigen, die auf der Suche nach unerforschten Orten und unber\u00fchrten Landschaften sind, wo die Zeit stehen geblieben zu sein scheint. &Uuml;bersicht1 Was es in Dragonera zu sehen gibt2 Wie Sie nach Dragonera gelangen2.1 Organisierte Ausfl\u00fcge2.2 F\u00e4hre3 Dragonera&#8230;<\/p>\n","protected":false},"author":2,"featured_media":2497,"parent":0,"menu_order":0,"comment_status":"closed","ping_status":"closed","template":"","meta":{"ngg_post_thumbnail":0,"footnotes":""},"class_list":["post-2481","page","type-page","status-publish","has-post-thumbnail","hentry"],"yoast_head":"<!-- This site is optimized with the Yoast SEO plugin v26.2 - https:\/\/yoast.com\/wordpress\/plugins\/seo\/ -->\n<title>Dragonera Insel - Blog Mallorca Charme<\/title>\n<meta name=\"description\" content=\"Weniger als einen Kilometer von Mallorca entfernt, ist Dragonera eine Insel f\u00fcr Natur- und Wanderfreunde.\" \/>\n<meta name=\"robots\" content=\"index, follow, max-snippet:-1, max-image-preview:large, max-video-preview:-1\" \/>\n<link rel=\"canonical\" href=\"https:\/\/www.fincasmallorcacharme.com\/blog\/dragonera-insel\/\" \/>\n<meta property=\"og:locale\" content=\"de_DE\" \/>\n<meta property=\"og:type\" content=\"article\" \/>\n<meta property=\"og:title\" content=\"Dragonera Insel - Blog Mallorca Charme\" \/>\n<meta property=\"og:description\" content=\"Weniger als einen Kilometer von Mallorca entfernt, ist Dragonera eine Insel f\u00fcr Natur- und Wanderfreunde.\" \/>\n<meta property=\"og:url\" content=\"https:\/\/www.fincasmallorcacharme.com\/blog\/dragonera-insel\/\" \/>\n<meta property=\"og:site_name\" content=\"Blog Mallorca Charme\" \/>\n<meta property=\"og:image\" content=\"https:\/\/www.fincasmallorcacharme.com\/blog\/wp-content\/uploads\/2020\/10\/Diseno-sin-titulo-2020-10-31T141057.750.jpg\" \/>\n\t<meta property=\"og:image:width\" content=\"768\" \/>\n\t<meta property=\"og:image:height\" content=\"488\" \/>\n\t<meta property=\"og:image:type\" content=\"image\/jpeg\" \/>\n<meta name=\"twitter:card\" content=\"summary_large_image\" \/>\n<meta name=\"twitter:label1\" content=\"Gesch\u00e4tzte Lesezeit\" \/>\n\t<meta name=\"twitter:data1\" content=\"3\u00a0Minuten\" \/>\n<script type=\"application\/ld+json\" class=\"yoast-schema-graph\">{\"@context\":\"https:\/\/schema.org\",\"@graph\":[{\"@type\":\"WebPage\",\"@id\":\"https:\/\/www.fincasmallorcacharme.com\/blog\/dragonera-insel\/\",\"url\":\"https:\/\/www.fincasmallorcacharme.com\/blog\/dragonera-insel\/\",\"name\":\"Dragonera Insel - Blog Mallorca Charme\",\"isPartOf\":{\"@id\":\"https:\/\/www.fincasmallorcacharme.com\/blog\/en\/#website\"},\"primaryImageOfPage\":{\"@id\":\"https:\/\/www.fincasmallorcacharme.com\/blog\/dragonera-insel\/#primaryimage\"},\"image\":{\"@id\":\"https:\/\/www.fincasmallorcacharme.com\/blog\/dragonera-insel\/#primaryimage\"},\"thumbnailUrl\":\"https:\/\/www.fincasmallorcacharme.com\/blog\/wp-content\/uploads\/2020\/10\/Diseno-sin-titulo-2020-10-31T141057.750.jpg\",\"datePublished\":\"2020-10-31T13:22:19+00:00\",\"description\":\"Weniger als einen Kilometer von Mallorca entfernt, ist Dragonera eine Insel f\u00fcr Natur- und Wanderfreunde.\",\"inLanguage\":\"de\",\"potentialAction\":[{\"@type\":\"ReadAction\",\"target\":[\"https:\/\/www.fincasmallorcacharme.com\/blog\/dragonera-insel\/\"]}]},{\"@type\":\"ImageObject\",\"inLanguage\":\"de\",\"@id\":\"https:\/\/www.fincasmallorcacharme.com\/blog\/dragonera-insel\/#primaryimage\",\"url\":\"https:\/\/www.fincasmallorcacharme.com\/blog\/wp-content\/uploads\/2020\/10\/Diseno-sin-titulo-2020-10-31T141057.750.jpg\",\"contentUrl\":\"https:\/\/www.fincasmallorcacharme.com\/blog\/wp-content\/uploads\/2020\/10\/Diseno-sin-titulo-2020-10-31T141057.750.jpg\",\"width\":768,\"height\":488},{\"@type\":\"WebSite\",\"@id\":\"https:\/\/www.fincasmallorcacharme.com\/blog\/en\/#website\",\"url\":\"https:\/\/www.fincasmallorcacharme.com\/blog\/en\/\",\"name\":\"Blog Mallorca Charme\",\"description\":\"Fincasmallorcacharme Blog\",\"publisher\":{\"@id\":\"https:\/\/www.fincasmallorcacharme.com\/blog\/en\/#organization\"},\"potentialAction\":[{\"@type\":\"SearchAction\",\"target\":{\"@type\":\"EntryPoint\",\"urlTemplate\":\"https:\/\/www.fincasmallorcacharme.com\/blog\/en\/?s={search_term_string}\"},\"query-input\":{\"@type\":\"PropertyValueSpecification\",\"valueRequired\":true,\"valueName\":\"search_term_string\"}}],\"inLanguage\":\"de\"},{\"@type\":\"Organization\",\"@id\":\"https:\/\/www.fincasmallorcacharme.com\/blog\/en\/#organization\",\"name\":\"Blog Mallorca Charme\",\"url\":\"https:\/\/www.fincasmallorcacharme.com\/blog\/en\/\",\"logo\":{\"@type\":\"ImageObject\",\"inLanguage\":\"de\",\"@id\":\"https:\/\/www.fincasmallorcacharme.com\/blog\/en\/#\/schema\/logo\/image\/\",\"url\":\"https:\/\/www.fincasmallorcacharme.com\/blog\/wp-content\/uploads\/2020\/02\/cropped-headerrrrr-1.png\",\"contentUrl\":\"https:\/\/www.fincasmallorcacharme.com\/blog\/wp-content\/uploads\/2020\/02\/cropped-headerrrrr-1.png\",\"width\":1250,\"height\":250,\"caption\":\"Blog Mallorca Charme\"},\"image\":{\"@id\":\"https:\/\/www.fincasmallorcacharme.com\/blog\/en\/#\/schema\/logo\/image\/\"}}]}<\/script>\n<!-- \/ Yoast SEO plugin. -->","yoast_head_json":{"title":"Dragonera Insel - Blog Mallorca Charme","description":"Weniger als einen Kilometer von Mallorca entfernt, ist Dragonera eine Insel f\u00fcr Natur- und Wanderfreunde.","robots":{"index":"index","follow":"follow","max-snippet":"max-snippet:-1","max-image-preview":"max-image-preview:large","max-video-preview":"max-video-preview:-1"},"canonical":"https:\/\/www.fincasmallorcacharme.com\/blog\/dragonera-insel\/","og_locale":"de_DE","og_type":"article","og_title":"Dragonera Insel - Blog Mallorca Charme","og_description":"Weniger als einen Kilometer von Mallorca entfernt, ist Dragonera eine Insel f\u00fcr Natur- und Wanderfreunde.","og_url":"https:\/\/www.fincasmallorcacharme.com\/blog\/dragonera-insel\/","og_site_name":"Blog Mallorca Charme","og_image":[{"width":768,"height":488,"url":"https:\/\/www.fincasmallorcacharme.com\/blog\/wp-content\/uploads\/2020\/10\/Diseno-sin-titulo-2020-10-31T141057.750.jpg","type":"image\/jpeg"}],"twitter_card":"summary_large_image","twitter_misc":{"Gesch\u00e4tzte Lesezeit":"3\u00a0Minuten"},"schema":{"@context":"https:\/\/schema.org","@graph":[{"@type":"WebPage","@id":"https:\/\/www.fincasmallorcacharme.com\/blog\/dragonera-insel\/","url":"https:\/\/www.fincasmallorcacharme.com\/blog\/dragonera-insel\/","name":"Dragonera Insel - Blog Mallorca Charme","isPartOf":{"@id":"https:\/\/www.fincasmallorcacharme.com\/blog\/en\/#website"},"primaryImageOfPage":{"@id":"https:\/\/www.fincasmallorcacharme.com\/blog\/dragonera-insel\/#primaryimage"},"image":{"@id":"https:\/\/www.fincasmallorcacharme.com\/blog\/dragonera-insel\/#primaryimage"},"thumbnailUrl":"https:\/\/www.fincasmallorcacharme.com\/blog\/wp-content\/uploads\/2020\/10\/Diseno-sin-titulo-2020-10-31T141057.750.jpg","datePublished":"2020-10-31T13:22:19+00:00","description":"Weniger als einen Kilometer von Mallorca entfernt, ist Dragonera eine Insel f\u00fcr Natur- und Wanderfreunde.","inLanguage":"de","potentialAction":[{"@type":"ReadAction","target":["https:\/\/www.fincasmallorcacharme.com\/blog\/dragonera-insel\/"]}]},{"@type":"ImageObject","inLanguage":"de","@id":"https:\/\/www.fincasmallorcacharme.com\/blog\/dragonera-insel\/#primaryimage","url":"https:\/\/www.fincasmallorcacharme.com\/blog\/wp-content\/uploads\/2020\/10\/Diseno-sin-titulo-2020-10-31T141057.750.jpg","contentUrl":"https:\/\/www.fincasmallorcacharme.com\/blog\/wp-content\/uploads\/2020\/10\/Diseno-sin-titulo-2020-10-31T141057.750.jpg","width":768,"height":488},{"@type":"WebSite","@id":"https:\/\/www.fincasmallorcacharme.com\/blog\/en\/#website","url":"https:\/\/www.fincasmallorcacharme.com\/blog\/en\/","name":"Blog Mallorca Charme","description":"Fincasmallorcacharme Blog","publisher":{"@id":"https:\/\/www.fincasmallorcacharme.com\/blog\/en\/#organization"},"potentialAction":[{"@type":"SearchAction","target":{"@type":"EntryPoint","urlTemplate":"https:\/\/www.fincasmallorcacharme.com\/blog\/en\/?s={search_term_string}"},"query-input":{"@type":"PropertyValueSpecification","valueRequired":true,"valueName":"search_term_string"}}],"inLanguage":"de"},{"@type":"Organization","@id":"https:\/\/www.fincasmallorcacharme.com\/blog\/en\/#organization","name":"Blog Mallorca Charme","url":"https:\/\/www.fincasmallorcacharme.com\/blog\/en\/","logo":{"@type":"ImageObject","inLanguage":"de","@id":"https:\/\/www.fincasmallorcacharme.com\/blog\/en\/#\/schema\/logo\/image\/","url":"https:\/\/www.fincasmallorcacharme.com\/blog\/wp-content\/uploads\/2020\/02\/cropped-headerrrrr-1.png","contentUrl":"https:\/\/www.fincasmallorcacharme.com\/blog\/wp-content\/uploads\/2020\/02\/cropped-headerrrrr-1.png","width":1250,"height":250,"caption":"Blog Mallorca Charme"},"image":{"@id":"https:\/\/www.fincasmallorcacharme.com\/blog\/en\/#\/schema\/logo\/image\/"}}]}},"amp_enabled":true,"_links":{"self":[{"href":"https:\/\/www.fincasmallorcacharme.com\/blog\/de\/wp-json\/wp\/v2\/pages\/2481","targetHints":{"allow":["GET"]}}],"collection":[{"href":"https:\/\/www.fincasmallorcacharme.com\/blog\/de\/wp-json\/wp\/v2\/pages"}],"about":[{"href":"https:\/\/www.fincasmallorcacharme.com\/blog\/de\/wp-json\/wp\/v2\/types\/page"}],"author":[{"embeddable":true,"href":"https:\/\/www.fincasmallorcacharme.com\/blog\/de\/wp-json\/wp\/v2\/users\/2"}],"replies":[{"embeddable":true,"href":"https:\/\/www.fincasmallorcacharme.com\/blog\/de\/wp-json\/wp\/v2\/comments?post=2481"}],"version-history":[{"count":1,"href":"https:\/\/www.fincasmallorcacharme.com\/blog\/de\/wp-json\/wp\/v2\/pages\/2481\/revisions"}],"predecessor-version":[{"id":2500,"href":"https:\/\/www.fincasmallorcacharme.com\/blog\/de\/wp-json\/wp\/v2\/pages\/2481\/revisions\/2500"}],"wp:featuredmedia":[{"embeddable":true,"href":"https:\/\/www.fincasmallorcacharme.com\/blog\/de\/wp-json\/wp\/v2\/media\/2497"}],"wp:attachment":[{"href":"https:\/\/www.fincasmallorcacharme.com\/blog\/de\/wp-json\/wp\/v2\/media?parent=2481"}],"curies":[{"name":"wp","href":"https:\/\/api.w.org\/{rel}","templated":true}]}}