{"id":1462,"date":"2019-11-27T11:53:37","date_gmt":"2019-11-27T11:53:37","guid":{"rendered":"http:\/\/www.fincasmallorcacharme.com\/blog\/?page_id=1462"},"modified":"2020-02-11T16:05:10","modified_gmt":"2020-02-11T16:05:10","slug":"tipps-finca-mallorca","status":"publish","type":"page","link":"https:\/\/www.fincasmallorcacharme.com\/blog\/de\/finca-urlaub-mallorca-tipps\/tipps-finca-mallorca\/","title":{"rendered":"6 Gr\u00fcnde, eine Finca direkt bei einer Agentur zu buchen"},"content":{"rendered":"<ol>\n<li>\n<div id=\"toc_container\" class=\"no_bullets\"><p class=\"toc_title\">&Uuml;bersicht<\/p><ul class=\"toc_list\"><li><a href=\"#Mit_der_Familie_und_Freunden_in_einer_privaten_Umgebung_zu_sein_ist_unbezahlbar\"><span class=\"toc_number toc_depth_1\">1<\/span> Mit der Familie und Freunden in einer privaten Umgebung zu sein, ist unbezahlbar<\/a><\/li><li><a href=\"#Eine_Agentur_wird_in_der_Lage_sein_alles_zu_verwalten_was_Sie_wollen\"><span class=\"toc_number toc_depth_1\">2<\/span> Eine Agentur wird in der Lage sein, alles zu verwalten, was Sie wollen.<\/a><\/li><li><a href=\"#Eine_direkte_Buchung_mit_dem_Eigentuemer_oder_Verwalter_der_Finca_kann_die_Reservierung_um_bis_zu_15_reduzieren\"><span class=\"toc_number toc_depth_1\">3<\/span> Eine direkte Buchung mit dem Eigent\u00fcmer oder Verwalter der Finca kann die Reservierung um bis zu 15% reduzieren.<\/a><\/li><li><a href=\"#Es_besteht_die_Gewissheit_dass_der_Kunde_bei_seiner_Ankunft_am_Zielort_das_vorfindet_was_er_gebucht_hat\"><span class=\"toc_number toc_depth_1\">4<\/span> Es besteht die Gewissheit, dass der Kunde bei seiner Ankunft am Zielort das vorfindet, was er gebucht hat.<\/a><\/li><li><a href=\"#Moegliche_Beschwerden_oder_Ansprueche_des_Kunden\"><span class=\"toc_number toc_depth_1\">5<\/span> M\u00f6gliche Beschwerden oder Anspr\u00fcche des Kunden.<\/a><\/li><li><a href=\"#Support_oder_Call_Center_24_Stunden_am_Tag\"><span class=\"toc_number toc_depth_1\">6<\/span> Support oder Call Center 24 Stunden am Tag.<\/a><\/li><\/ul><\/div>\n<h2 style=\"text-align: center;\"><span id=\"Mit_der_Familie_und_Freunden_in_einer_privaten_Umgebung_zu_sein_ist_unbezahlbar\">Mit der Familie und Freunden in einer privaten Umgebung zu sein, ist unbezahlbar<\/span><\/h2>\n<\/li>\n<\/ol>\n<p style=\"text-align: center;\">Die Vermietung einer Villa hat einige Vorteile, die Sie in einem Hotel nicht finden werden. Je mehr Menschen sich im Haus aufhalten, desto g\u00fcnstiger ist der Preis pro Person oder pro Nacht, wenn man im Hotel wohnt. Anstatt f\u00fcr 3, 4 oder 5 Hotelzimmer zu bezahlen, k\u00f6nnen Sie eine Finca reservieren, indem Sie die Kosten unter den G\u00e4sten aufteilen. Ein weiterer Vorteil ist die Privatsph\u00e4re durch den privaten Pool sowie die zus\u00e4tzlichen privaten Erholungsr\u00e4ume einiger Villen und Extras wie Tischtennisplatte, Trampoline und kleine Spielpl\u00e4tze oder Sportpl\u00e4tze. Cocktails am Pool und Getr\u00e4nke bei Sonnenuntergang funktionieren auch am besten, wenn Sie direkt im Supermarkt einkaufen und zu Hause kochen. Bis zu 20 Euro zahlt man f\u00fcr einen Teller Pasta in einem Hotel auf\u00a0 Mallorca &#8211; unserer Meinung nach ist der Aufenthalt in einer Villa einfach besser.<\/p>\n<ol style=\"text-align: center;\" start=\"2\">\n<li>\n<h2><span id=\"Eine_Agentur_wird_in_der_Lage_sein_alles_zu_verwalten_was_Sie_wollen\">Eine Agentur wird in der Lage sein, alles zu verwalten, was Sie wollen.<\/span><\/h2>\n<\/li>\n<\/ol>\n<p style=\"text-align: center;\">Wie in jedem Hotel kann eine Agentur jeden einzelnen Service, den Sie mieten m\u00f6chten, verwalten. Eine Massage im Schwimmbad, Catering-Service, Fahrradverleih, Autovermietung, Reservierung in Restaurants oder Ausfl\u00fcge \u2026 Die Agentur passt sich Ihren Bed\u00fcrfnissen an und bietet L\u00f6sungen f\u00fcr alle Ihre Vorschl\u00e4ge und W\u00fcnsche.<\/p>\n<ol style=\"text-align: center;\" start=\"3\">\n<li>\n<h2><span id=\"Eine_direkte_Buchung_mit_dem_Eigentuemer_oder_Verwalter_der_Finca_kann_die_Reservierung_um_bis_zu_15_reduzieren\">Eine direkte Buchung mit dem Eigent\u00fcmer oder Verwalter der Finca kann die Reservierung um bis zu 15% reduzieren.<\/span><\/h2>\n<\/li>\n<\/ol>\n<p style=\"text-align: center;\">Da es so viele Portale gibt, die auf die Vermietung von Immobilien spezialisiert sind, k\u00f6nnen die Preise eines bestimmten Hauses je nach Portal bis zu 15% variieren und sogar auf der gleichen Plattform kann das gleiche Haus wiederholt auftauchen, jedoch mit unterschiedlichen Preisen. In vielen F\u00e4llen k\u00f6nnen bis zu 4 Vermittler in der Reservierung mitwirken.<\/p>\n<p style=\"text-align: center;\">Der beste Weg, ohne Vermittler auszukommen, ist, sich direkt mit dem Besitzer der Finca in Verbindung zu setzen. Es gibt viele Eigent\u00fcmer, die ihre Immobilien direkt auf vielen Portalen anbieten, aber viele entscheiden sich daf\u00fcr, die Verwaltung ihrer Immobilien an Agenturen wie<span style=\"color: #266ea6;\"><a style=\"color: #266ea6;\" href=\"https:\/\/www.fincasmallorcacharme.com\/de\/\" target=\"_blank\" rel=\"noopener noreferrer\"> Mallorca Charme<\/a><\/span> zu delegieren, da sie entweder keine Zeit f\u00fcr die Verwaltung der Reservierungen haben oder nicht \u00fcber ausreichende Sprach- und Verwaltungskenntnisse verf\u00fcgen.<\/p>\n<hr \/>\n<p style=\"text-align: center;\">Die Buchung \u00fcber eine Agentur f\u00fcr Ferienh\u00e4user ist aus mehreren Gr\u00fcnden eine der besten M\u00f6glichkeiten:<\/p>\n<ol style=\"text-align: center;\" start=\"4\">\n<li>\n<h2><span id=\"Es_besteht_die_Gewissheit_dass_der_Kunde_bei_seiner_Ankunft_am_Zielort_das_vorfindet_was_er_gebucht_hat\">Es besteht die Gewissheit, dass der Kunde bei seiner Ankunft am Zielort das vorfindet, was er gebucht hat.<\/span><\/h2>\n<\/li>\n<\/ol>\n<p style=\"text-align: center;\">Von dem Moment an, in dem die Anfrage f\u00fcr eine Immobilie gestellt wird, bis der Kunde die Immobilie verl\u00e4sst, l\u00e4uft ein ganzer Prozess zwischen Agentur und Kunde ab. Alle Zahlungen werden ebenso ber\u00fccksichtigt wie Treffpunkte, Adresse oder Koordinaten des Hauses und kl\u00e4ren Zweifel und Anregungen des Kunden.<\/p>\n<ol style=\"text-align: center;\" start=\"5\">\n<li>\n<h2><span id=\"Moegliche_Beschwerden_oder_Ansprueche_des_Kunden\">M\u00f6gliche Beschwerden oder Anspr\u00fcche des Kunden.<\/span><\/h2>\n<\/li>\n<\/ol>\n<p style=\"text-align: center;\">Wenn der Kunde ein Problem hat oder es zu einem Vorfall im Haus kommt, wie z.B. Einbruch, Sch\u00e4den im Haus, etc., erh\u00e4lt der Kunde die Unterst\u00fctzung der Agentur zum Zeitpunkt der Geltendmachung einer m\u00f6glichen Reklamation. Dennoch muss die Agentur die Beschwerde nachrangig bearbeiten und sehen, ob sie reklamiert werden kann ist oder nicht (dass die Grillen Sie nachts nicht schlafen lassen, z\u00e4hlt nicht dazu). Damit meinen wir, dass sich der Kunde nicht allein f\u00fchlen wird.<\/p>\n<ol style=\"text-align: center;\" start=\"6\">\n<li>\n<h2><span id=\"Support_oder_Call_Center_24_Stunden_am_Tag\">Support oder Call Center 24 Stunden am Tag.<\/span><\/h2>\n<\/li>\n<\/ol>\n<p style=\"text-align: center;\">Die Agentur muss dem Kunden eine 24-Stunden-Kontaktnummer zur Verf\u00fcgung stellen, damit er sich bei Problemen so schnell wie m\u00f6glich an diese wenden kann. Dies gibt dem Kunden viel mehr Sicherheit, da er wei\u00df, dass er bei Problemen die Agentur in seiner Muttersprache kontaktieren kann.<\/p>\n<p style=\"text-align: center;\"><a href=\"https:\/\/www.fincasmallorcacharme.com\/de\/\" target=\"_blank\" rel=\"noopener noreferrer\"><img fetchpriority=\"high\" decoding=\"async\" class=\"aligncenter wp-image-1466 size-full\" src=\"http:\/\/www.fincasmallorcacharme.com\/blog\/wp-content\/uploads\/2019\/11\/banner-rectangualr.png\" alt=\"\" width=\"728\" height=\"90\" srcset=\"https:\/\/www.fincasmallorcacharme.com\/blog\/wp-content\/uploads\/2019\/11\/banner-rectangualr.png 728w, https:\/\/www.fincasmallorcacharme.com\/blog\/wp-content\/uploads\/2019\/11\/banner-rectangualr-300x37.png 300w\" sizes=\"(max-width: 728px) 100vw, 728px\" \/><\/a><\/p>\n<p style=\"text-align: center;\">\n<p style=\"text-align: center;\">\n<p style=\"text-align: center;\">\n<p style=\"text-align: center;\">\n<p>&nbsp;<\/p>\n<p>&nbsp;<\/p>\n<p>&nbsp;<\/p>\n","protected":false},"excerpt":{"rendered":"<p>&Uuml;bersicht1 Mit der Familie und Freunden in einer privaten Umgebung zu sein, ist unbezahlbar2 Eine Agentur wird in der Lage sein, alles zu verwalten, was Sie wollen.3 Eine direkte Buchung mit dem Eigent\u00fcmer oder Verwalter der Finca kann die Reservierung um bis zu 15% reduzieren.4 Es besteht die Gewissheit, dass der Kunde bei seiner Ankunft&#8230;<\/p>\n","protected":false},"author":2,"featured_media":1463,"parent":492,"menu_order":1,"comment_status":"closed","ping_status":"closed","template":"","meta":{"ngg_post_thumbnail":0,"footnotes":""},"class_list":["post-1462","page","type-page","status-publish","has-post-thumbnail","hentry"],"yoast_head":"<!-- This site is optimized with the Yoast SEO plugin v26.2 - https:\/\/yoast.com\/wordpress\/plugins\/seo\/ -->\n<title>6 Gr\u00fcnde, eine Finca direkt bei einer Agentur zu buchen - Blog Mallorca Charme<\/title>\n<meta name=\"description\" content=\"Die Buchung \u00fcber eine Agentur f\u00fcr Ferienh\u00e4user ist aus mehreren Gr\u00fcnden eine der besten M\u00f6glichkeiten...\" \/>\n<meta name=\"robots\" content=\"index, follow, max-snippet:-1, max-image-preview:large, max-video-preview:-1\" \/>\n<link rel=\"canonical\" href=\"https:\/\/www.fincasmallorcacharme.com\/blog\/fincaurlaub-tipps-mallorca\/6-razones-para-reservar-una-finca-directamente-con-una-agencia\/\" \/>\n<meta property=\"og:locale\" content=\"de_DE\" \/>\n<meta property=\"og:type\" content=\"article\" \/>\n<meta property=\"og:title\" content=\"6 Gr\u00fcnde, eine Finca direkt bei einer Agentur zu buchen - Blog Mallorca Charme\" \/>\n<meta property=\"og:description\" content=\"Die Buchung \u00fcber eine Agentur f\u00fcr Ferienh\u00e4user ist aus mehreren Gr\u00fcnden eine der besten M\u00f6glichkeiten...\" \/>\n<meta property=\"og:url\" content=\"https:\/\/www.fincasmallorcacharme.com\/blog\/fincaurlaub-tipps-mallorca\/6-razones-para-reservar-una-finca-directamente-con-una-agencia\/\" \/>\n<meta property=\"og:site_name\" content=\"Blog Mallorca Charme\" \/>\n<meta property=\"article:modified_time\" content=\"2020-02-11T16:05:10+00:00\" \/>\n<meta property=\"og:image\" content=\"https:\/\/www.fincasmallorcacharme.com\/blog\/wp-content\/uploads\/2019\/11\/223-blog.png\" \/>\n\t<meta property=\"og:image:width\" content=\"686\" \/>\n\t<meta property=\"og:image:height\" content=\"487\" \/>\n\t<meta property=\"og:image:type\" content=\"image\/png\" \/>\n<meta name=\"twitter:card\" content=\"summary_large_image\" \/>\n<meta name=\"twitter:label1\" content=\"Gesch\u00e4tzte Lesezeit\" \/>\n\t<meta name=\"twitter:data1\" content=\"3\u00a0Minuten\" \/>\n<script type=\"application\/ld+json\" class=\"yoast-schema-graph\">{\"@context\":\"https:\/\/schema.org\",\"@graph\":[{\"@type\":\"WebPage\",\"@id\":\"https:\/\/www.fincasmallorcacharme.com\/blog\/fincaurlaub-tipps-mallorca\/6-razones-para-reservar-una-finca-directamente-con-una-agencia\/\",\"url\":\"https:\/\/www.fincasmallorcacharme.com\/blog\/fincaurlaub-tipps-mallorca\/6-razones-para-reservar-una-finca-directamente-con-una-agencia\/\",\"name\":\"6 Gr\u00fcnde, eine Finca direkt bei einer Agentur zu buchen - Blog Mallorca Charme\",\"isPartOf\":{\"@id\":\"https:\/\/www.fincasmallorcacharme.com\/blog\/en\/#website\"},\"primaryImageOfPage\":{\"@id\":\"https:\/\/www.fincasmallorcacharme.com\/blog\/fincaurlaub-tipps-mallorca\/6-razones-para-reservar-una-finca-directamente-con-una-agencia\/#primaryimage\"},\"image\":{\"@id\":\"https:\/\/www.fincasmallorcacharme.com\/blog\/fincaurlaub-tipps-mallorca\/6-razones-para-reservar-una-finca-directamente-con-una-agencia\/#primaryimage\"},\"thumbnailUrl\":\"https:\/\/www.fincasmallorcacharme.com\/blog\/wp-content\/uploads\/2019\/11\/223-blog.png\",\"datePublished\":\"2019-11-27T11:53:37+00:00\",\"dateModified\":\"2020-02-11T16:05:10+00:00\",\"description\":\"Die Buchung \u00fcber eine Agentur f\u00fcr Ferienh\u00e4user ist aus mehreren Gr\u00fcnden eine der besten M\u00f6glichkeiten...\",\"breadcrumb\":{\"@id\":\"https:\/\/www.fincasmallorcacharme.com\/blog\/fincaurlaub-tipps-mallorca\/6-razones-para-reservar-una-finca-directamente-con-una-agencia\/#breadcrumb\"},\"inLanguage\":\"de\",\"potentialAction\":[{\"@type\":\"ReadAction\",\"target\":[\"https:\/\/www.fincasmallorcacharme.com\/blog\/fincaurlaub-tipps-mallorca\/6-razones-para-reservar-una-finca-directamente-con-una-agencia\/\"]}]},{\"@type\":\"ImageObject\",\"inLanguage\":\"de\",\"@id\":\"https:\/\/www.fincasmallorcacharme.com\/blog\/fincaurlaub-tipps-mallorca\/6-razones-para-reservar-una-finca-directamente-con-una-agencia\/#primaryimage\",\"url\":\"https:\/\/www.fincasmallorcacharme.com\/blog\/wp-content\/uploads\/2019\/11\/223-blog.png\",\"contentUrl\":\"https:\/\/www.fincasmallorcacharme.com\/blog\/wp-content\/uploads\/2019\/11\/223-blog.png\",\"width\":686,\"height\":487},{\"@type\":\"BreadcrumbList\",\"@id\":\"https:\/\/www.fincasmallorcacharme.com\/blog\/fincaurlaub-tipps-mallorca\/6-razones-para-reservar-una-finca-directamente-con-una-agencia\/#breadcrumb\",\"itemListElement\":[{\"@type\":\"ListItem\",\"position\":1,\"name\":\"Fincaurlaub Tipps Mallorca\",\"item\":\"https:\/\/www.fincasmallorcacharme.com\/blog\/fincaurlaub-tipps-mallorca\/\"},{\"@type\":\"ListItem\",\"position\":2,\"name\":\"6 Gr\u00fcnde, eine Finca direkt bei einer Agentur zu buchen\"}]},{\"@type\":\"WebSite\",\"@id\":\"https:\/\/www.fincasmallorcacharme.com\/blog\/en\/#website\",\"url\":\"https:\/\/www.fincasmallorcacharme.com\/blog\/en\/\",\"name\":\"Blog Mallorca Charme\",\"description\":\"Fincasmallorcacharme Blog\",\"publisher\":{\"@id\":\"https:\/\/www.fincasmallorcacharme.com\/blog\/en\/#organization\"},\"potentialAction\":[{\"@type\":\"SearchAction\",\"target\":{\"@type\":\"EntryPoint\",\"urlTemplate\":\"https:\/\/www.fincasmallorcacharme.com\/blog\/en\/?s={search_term_string}\"},\"query-input\":{\"@type\":\"PropertyValueSpecification\",\"valueRequired\":true,\"valueName\":\"search_term_string\"}}],\"inLanguage\":\"de\"},{\"@type\":\"Organization\",\"@id\":\"https:\/\/www.fincasmallorcacharme.com\/blog\/en\/#organization\",\"name\":\"Blog Mallorca Charme\",\"url\":\"https:\/\/www.fincasmallorcacharme.com\/blog\/en\/\",\"logo\":{\"@type\":\"ImageObject\",\"inLanguage\":\"de\",\"@id\":\"https:\/\/www.fincasmallorcacharme.com\/blog\/en\/#\/schema\/logo\/image\/\",\"url\":\"https:\/\/www.fincasmallorcacharme.com\/blog\/wp-content\/uploads\/2020\/02\/cropped-headerrrrr-1.png\",\"contentUrl\":\"https:\/\/www.fincasmallorcacharme.com\/blog\/wp-content\/uploads\/2020\/02\/cropped-headerrrrr-1.png\",\"width\":1250,\"height\":250,\"caption\":\"Blog Mallorca Charme\"},\"image\":{\"@id\":\"https:\/\/www.fincasmallorcacharme.com\/blog\/en\/#\/schema\/logo\/image\/\"}}]}<\/script>\n<!-- \/ Yoast SEO plugin. -->","yoast_head_json":{"title":"6 Gr\u00fcnde, eine Finca direkt bei einer Agentur zu buchen - Blog Mallorca Charme","description":"Die Buchung \u00fcber eine Agentur f\u00fcr Ferienh\u00e4user ist aus mehreren Gr\u00fcnden eine der besten M\u00f6glichkeiten...","robots":{"index":"index","follow":"follow","max-snippet":"max-snippet:-1","max-image-preview":"max-image-preview:large","max-video-preview":"max-video-preview:-1"},"canonical":"https:\/\/www.fincasmallorcacharme.com\/blog\/fincaurlaub-tipps-mallorca\/6-razones-para-reservar-una-finca-directamente-con-una-agencia\/","og_locale":"de_DE","og_type":"article","og_title":"6 Gr\u00fcnde, eine Finca direkt bei einer Agentur zu buchen - Blog Mallorca Charme","og_description":"Die Buchung \u00fcber eine Agentur f\u00fcr Ferienh\u00e4user ist aus mehreren Gr\u00fcnden eine der besten M\u00f6glichkeiten...","og_url":"https:\/\/www.fincasmallorcacharme.com\/blog\/fincaurlaub-tipps-mallorca\/6-razones-para-reservar-una-finca-directamente-con-una-agencia\/","og_site_name":"Blog Mallorca Charme","article_modified_time":"2020-02-11T16:05:10+00:00","og_image":[{"width":686,"height":487,"url":"https:\/\/www.fincasmallorcacharme.com\/blog\/wp-content\/uploads\/2019\/11\/223-blog.png","type":"image\/png"}],"twitter_card":"summary_large_image","twitter_misc":{"Gesch\u00e4tzte Lesezeit":"3\u00a0Minuten"},"schema":{"@context":"https:\/\/schema.org","@graph":[{"@type":"WebPage","@id":"https:\/\/www.fincasmallorcacharme.com\/blog\/fincaurlaub-tipps-mallorca\/6-razones-para-reservar-una-finca-directamente-con-una-agencia\/","url":"https:\/\/www.fincasmallorcacharme.com\/blog\/fincaurlaub-tipps-mallorca\/6-razones-para-reservar-una-finca-directamente-con-una-agencia\/","name":"6 Gr\u00fcnde, eine Finca direkt bei einer Agentur zu buchen - Blog Mallorca Charme","isPartOf":{"@id":"https:\/\/www.fincasmallorcacharme.com\/blog\/en\/#website"},"primaryImageOfPage":{"@id":"https:\/\/www.fincasmallorcacharme.com\/blog\/fincaurlaub-tipps-mallorca\/6-razones-para-reservar-una-finca-directamente-con-una-agencia\/#primaryimage"},"image":{"@id":"https:\/\/www.fincasmallorcacharme.com\/blog\/fincaurlaub-tipps-mallorca\/6-razones-para-reservar-una-finca-directamente-con-una-agencia\/#primaryimage"},"thumbnailUrl":"https:\/\/www.fincasmallorcacharme.com\/blog\/wp-content\/uploads\/2019\/11\/223-blog.png","datePublished":"2019-11-27T11:53:37+00:00","dateModified":"2020-02-11T16:05:10+00:00","description":"Die Buchung \u00fcber eine Agentur f\u00fcr Ferienh\u00e4user ist aus mehreren Gr\u00fcnden eine der besten M\u00f6glichkeiten...","breadcrumb":{"@id":"https:\/\/www.fincasmallorcacharme.com\/blog\/fincaurlaub-tipps-mallorca\/6-razones-para-reservar-una-finca-directamente-con-una-agencia\/#breadcrumb"},"inLanguage":"de","potentialAction":[{"@type":"ReadAction","target":["https:\/\/www.fincasmallorcacharme.com\/blog\/fincaurlaub-tipps-mallorca\/6-razones-para-reservar-una-finca-directamente-con-una-agencia\/"]}]},{"@type":"ImageObject","inLanguage":"de","@id":"https:\/\/www.fincasmallorcacharme.com\/blog\/fincaurlaub-tipps-mallorca\/6-razones-para-reservar-una-finca-directamente-con-una-agencia\/#primaryimage","url":"https:\/\/www.fincasmallorcacharme.com\/blog\/wp-content\/uploads\/2019\/11\/223-blog.png","contentUrl":"https:\/\/www.fincasmallorcacharme.com\/blog\/wp-content\/uploads\/2019\/11\/223-blog.png","width":686,"height":487},{"@type":"BreadcrumbList","@id":"https:\/\/www.fincasmallorcacharme.com\/blog\/fincaurlaub-tipps-mallorca\/6-razones-para-reservar-una-finca-directamente-con-una-agencia\/#breadcrumb","itemListElement":[{"@type":"ListItem","position":1,"name":"Fincaurlaub Tipps Mallorca","item":"https:\/\/www.fincasmallorcacharme.com\/blog\/fincaurlaub-tipps-mallorca\/"},{"@type":"ListItem","position":2,"name":"6 Gr\u00fcnde, eine Finca direkt bei einer Agentur zu buchen"}]},{"@type":"WebSite","@id":"https:\/\/www.fincasmallorcacharme.com\/blog\/en\/#website","url":"https:\/\/www.fincasmallorcacharme.com\/blog\/en\/","name":"Blog Mallorca Charme","description":"Fincasmallorcacharme Blog","publisher":{"@id":"https:\/\/www.fincasmallorcacharme.com\/blog\/en\/#organization"},"potentialAction":[{"@type":"SearchAction","target":{"@type":"EntryPoint","urlTemplate":"https:\/\/www.fincasmallorcacharme.com\/blog\/en\/?s={search_term_string}"},"query-input":{"@type":"PropertyValueSpecification","valueRequired":true,"valueName":"search_term_string"}}],"inLanguage":"de"},{"@type":"Organization","@id":"https:\/\/www.fincasmallorcacharme.com\/blog\/en\/#organization","name":"Blog Mallorca Charme","url":"https:\/\/www.fincasmallorcacharme.com\/blog\/en\/","logo":{"@type":"ImageObject","inLanguage":"de","@id":"https:\/\/www.fincasmallorcacharme.com\/blog\/en\/#\/schema\/logo\/image\/","url":"https:\/\/www.fincasmallorcacharme.com\/blog\/wp-content\/uploads\/2020\/02\/cropped-headerrrrr-1.png","contentUrl":"https:\/\/www.fincasmallorcacharme.com\/blog\/wp-content\/uploads\/2020\/02\/cropped-headerrrrr-1.png","width":1250,"height":250,"caption":"Blog Mallorca Charme"},"image":{"@id":"https:\/\/www.fincasmallorcacharme.com\/blog\/en\/#\/schema\/logo\/image\/"}}]}},"amp_enabled":true,"_links":{"self":[{"href":"https:\/\/www.fincasmallorcacharme.com\/blog\/de\/wp-json\/wp\/v2\/pages\/1462","targetHints":{"allow":["GET"]}}],"collection":[{"href":"https:\/\/www.fincasmallorcacharme.com\/blog\/de\/wp-json\/wp\/v2\/pages"}],"about":[{"href":"https:\/\/www.fincasmallorcacharme.com\/blog\/de\/wp-json\/wp\/v2\/types\/page"}],"author":[{"embeddable":true,"href":"https:\/\/www.fincasmallorcacharme.com\/blog\/de\/wp-json\/wp\/v2\/users\/2"}],"replies":[{"embeddable":true,"href":"https:\/\/www.fincasmallorcacharme.com\/blog\/de\/wp-json\/wp\/v2\/comments?post=1462"}],"version-history":[{"count":6,"href":"https:\/\/www.fincasmallorcacharme.com\/blog\/de\/wp-json\/wp\/v2\/pages\/1462\/revisions"}],"predecessor-version":[{"id":1628,"href":"https:\/\/www.fincasmallorcacharme.com\/blog\/de\/wp-json\/wp\/v2\/pages\/1462\/revisions\/1628"}],"up":[{"embeddable":true,"href":"https:\/\/www.fincasmallorcacharme.com\/blog\/de\/wp-json\/wp\/v2\/pages\/492"}],"wp:featuredmedia":[{"embeddable":true,"href":"https:\/\/www.fincasmallorcacharme.com\/blog\/de\/wp-json\/wp\/v2\/media\/1463"}],"wp:attachment":[{"href":"https:\/\/www.fincasmallorcacharme.com\/blog\/de\/wp-json\/wp\/v2\/media?parent=1462"}],"curies":[{"name":"wp","href":"https:\/\/api.w.org\/{rel}","templated":true}]}}