{"id":1418,"date":"2019-11-18T13:37:21","date_gmt":"2019-11-18T13:37:21","guid":{"rendered":"http:\/\/www.fincasmallorcacharme.com\/blog\/?page_id=1418"},"modified":"2020-02-26T14:23:17","modified_gmt":"2020-02-26T14:23:17","slug":"sehenswuerdigkeiten","status":"publish","type":"page","link":"https:\/\/www.fincasmallorcacharme.com\/blog\/de\/sehenswuerdigkeiten\/","title":{"rendered":"Mallorca \u2013 Top Sehensw\u00fcrdigkeiten"},"content":{"rendered":"<p style=\"text-align: center;\">Mallorca bietet eine Vielzahl von Sehensw\u00fcrdigkeiten zum Entdecken. Deshalb haben wir eine Liste mit den besten Sehensw\u00fcrdigkeiten auf Mallorca erstellt, die uns pers\u00f6nlich am meisten gefallen.<\/p>\n<p style=\"text-align: center;\">[orbital_cluster categories=&#8221;58&#8243; order=&#8221;DESC&#8221; postperpage=&#8221;13&#8243; featured=&#8221;13&#8243;]\n<div id=\"toc_container\" class=\"no_bullets\"><p class=\"toc_title\">&Uuml;bersicht<\/p><ul class=\"toc_list\"><li><a href=\"#Mallorca_8211_Sehenswuerdigkeiten_im_Norden\"><span class=\"toc_number toc_depth_1\">1<\/span> Mallorca &#8211; Sehensw\u00fcrdigkeiten im Norden<\/a><\/li><li><a href=\"#Mallorca_8211_Sehenswuerdigkeiten_im_Westen\"><span class=\"toc_number toc_depth_1\">2<\/span> Mallorca &#8211; Sehensw\u00fcrdigkeiten im Westen<\/a><\/li><li><a href=\"#Mallorca_8211_Sehenswuerdigkeiten_im_Sueden\"><span class=\"toc_number toc_depth_1\">3<\/span> Mallorca &#8211; Sehensw\u00fcrdigkeiten im S\u00fcden<\/a><\/li><li><a href=\"#Mallorca_bietet_viele_Sehenswuerdigkeiten\"><span class=\"toc_number toc_depth_1\">4<\/span> Mallorca bietet viele Sehensw\u00fcrdigkeiten<\/a><\/li><\/ul><\/div>\n<h2 style=\"text-align: center;\"><span id=\"Mallorca_8211_Sehenswuerdigkeiten_im_Norden\">Mallorca &#8211; Sehensw\u00fcrdigkeiten im Norden<\/span><\/h2>\n<p style=\"text-align: center;\">Der Norden Mallorcas besteht aus Str\u00e4nden und kleinen Buchten, in denen die Aus\u00fcbung verschiedener Wassersportarten mit der Tradition der D\u00f6rfer im Landesinneren verbunden ist. Die Altstadt von Alc\u00fadia mit ihrer im Renaissance-Stil erbauten Mauer und der wundersch\u00f6nen Bucht von Port de Pollenca im Inneren sollte man sich nicht entgehen lassen. Zwischen Alc\u00fadia und der K\u00fcstenstadt Can Picafort liegt der Naturpark s&#8217;Albufera, ein riesiges Feuchtgebiet, in dem mehr als zweihundert Vogelarten leben. Weiter \u00f6stlich befinden sich die H\u00f6hlen von Art\u00e0 und die H\u00f6hlen von Drach in Portocristo. Diese riesigen H\u00f6hlen bestehen aus Grotten, Stalaktiten und Stalagmiten. Die Ostk\u00fcste ist bekannt f\u00fcr ihre idyllischen Buchten und feinen Sandstr\u00e4nde. In der N\u00e4he von Felanitx liegt Santuari de Sant Salvador, ein altes Kloster, auf einem f\u00fcnfhundert Meter hohen Berg. F\u00fcr Liebhaber von Schmuck und Perlen ist der Besuch der Perlenfabrik in Manacor ein Muss.<\/p>\n<h2 style=\"text-align: center;\"><span id=\"Mallorca_8211_Sehenswuerdigkeiten_im_Westen\">Mallorca &#8211; Sehensw\u00fcrdigkeiten im Westen<\/span><\/h2>\n<p style=\"text-align: center;\">Mehr zum Zentrum der Insel gelegen oder auch in Mallorca Es Pla genannt, ist &#8220;die Ebene&#8221; der Ort, an dem man das traditionelle Leben auf Mallorca am meisten genie\u00dfen kann. Hier befindet sich das sch\u00f6ne Kloster von Randa, das mehr als f\u00fcnfhundert Meter in der H\u00f6he liegt.<\/p>\n<p style=\"text-align: center;\">Auf einem Spaziergang durch das kleine Dorf Sineu, im Zentrum von Mallorca, genie\u00dfen wir die mittelalterliche Architektur, die in die st\u00e4dtische Architektur des Dorfes integriert ist.<\/p>\n<p style=\"text-align: center;\">Im Westen der Insel gibt es eine wilde Felslandschaft mit faszinierenden und originellen Bergd\u00f6rfern. Hier befindet sich das Dorf Valldemossa mit seinem Kloster La Cartuja, das sehr beliebt bzw. als Touristenattraktion gilt, und Dei\u00e0, ein R\u00fcckzugsort f\u00fcr K\u00fcnstler von hohem Prestige.<\/p>\n<p style=\"text-align: center;\">Am s\u00fcdwestlichen Ende des Tramuntana-Gebirges befinden sich weitl\u00e4ufige Orangenplantagen der Region S\u00f3ller und die historische Stra\u00dfenbahn, die S\u00f3ller und Palma seit mehr als 100 Jahren verbindet.<\/p>\n<h2 style=\"text-align: center;\"><span id=\"Mallorca_8211_Sehenswuerdigkeiten_im_Sueden\">Mallorca &#8211; Sehensw\u00fcrdigkeiten im S\u00fcden<\/span><\/h2>\n<p style=\"text-align: center;\">Hier befindet sich die Hauptstadt Mallorcas, Palma. Palma de Mallorca war die Heimat der Ph\u00f6nizier, R\u00f6mer und Araber. In Palma de Mallorca kann man in den Stra\u00dfen und Geb\u00e4uden der Stadt die Mischung aus Mittelalter und Moderne des sp\u00e4ten 19. Jahrhunderts entdecken. Palma beherbergt einige der gr\u00f6\u00dften Altst\u00e4dte Europas und die wundersch\u00f6ne Kathedrale &#8220;La Seu&#8221;, die dazu einl\u00e4dt, sich neben ihr fotografieren zu lassen.<\/p>\n<p style=\"text-align: center;\">Im Castell de Bellver selbst k\u00f6nnen Fu\u00dfg\u00e4nger den Blick \u00fcber die Bucht von Palma genie\u00dfen.<\/p>\n<p style=\"text-align: center;\">Kurz vor der S\u00fcdwestk\u00fcste sehen wir die Insel Dragonera. Die Insel ist ein Naturschutzgebiet und ein Paradies f\u00fcr Liebhaber von Pflanzen und V\u00f6geln.<\/p>\n<p style=\"text-align: center;\">Weiter s\u00fcdlich der Insel wird die Landschaft flacher und die Hitze wird in diesen Bereichen deutlicher sp\u00fcrbar.<\/p>\n<p style=\"text-align: center;\">Im S\u00fcden gibt es die ausgedehnten Salinen wie Ses Salines d&#8217;Es Trenc.<\/p>\n<p style=\"text-align: center;\">Der bekannteste Ort im S\u00fcden ist die Playa Es Trenc im Westen der Colonia Sant Jordi.<\/p>\n<p style=\"text-align: center;\">Der Strand besteht aus dreieinhalb Kilometern feinem Sand und ist eines der sch\u00f6nsten Meere des Mittelmeers mit seinen t\u00fcrkisfarbenen T\u00f6nen, die den Str\u00e4nden der Karibik um nichts nachstehen.<\/p>\n<h2 style=\"text-align: center;\"><span id=\"Mallorca_bietet_viele_Sehenswuerdigkeiten\">Mallorca bietet viele Sehensw\u00fcrdigkeiten<\/span><\/h2>\n<p style=\"text-align: center;\">Die Insel Mallorca zieht mit ihren Sehensw\u00fcrdigkeiten viele Menschen an. Doch auch heute noch dominieren Sonnen- und Strandurlaub. Die Insel bietet eine gro\u00dfe Auswahl an Unterk\u00fcnften. Die gr\u00f6\u00dfte touristische Agglomeration befindet sich in der Bucht von Palma, zwischen Magaluf und S&#8217;Arenal, aber auch an der Ostk\u00fcste und in den Buchten von Pollenca und Alcudia finden Sie auch gro\u00dfe Hotelinfrastrukturen und Fincas zur Vermietung.<\/p>\n<p style=\"text-align: center;\">Die Oststr\u00e4nde von Palma haben durch den Ballermann einen schlechten Ruf erlangt. Allerdings muss man sagen, dass dieses Gebiet ganz in der N\u00e4he vom Ballermann 6 und der &#8220;Schinkenstra\u00dfe&#8221; liegt, aber nur ein kleiner Teil der Platja de Palma ist. Der gepflegte sechs Kilometer lange Sandstrand, die kurzen Wege zum Flughafen, die gute Anbindung an die Hauptstadt und nicht zuletzt aus diesem weniger wesentlichen Grund k\u00f6nnen die immer noch niedrigen Kosten f\u00fcr eine Entscheidung f\u00fcr S&#8217;Arenal ausschlaggebend sein.<\/p>\n<p style=\"text-align: center;\">Von hier aus ist es auch nicht weit zur Stadt Palma de Mallorca, den Resorts Palmanova und Magaluf, die haupts\u00e4chlich von britischen Touristen besucht werden.<\/p>\n<p style=\"text-align: center;\">Das Dorf Paguera, ein deutsches Touristendorf, denn die meisten Touristen, die hier im Sommer Urlaub machen, sind Deutsche. Es gibt keine Sehensw\u00fcrdigkeiten in Paguera, die in Deutschland nicht bekannt sind. Auch im Winter, wenn viele Orte auf der Insel leer sind, sind viele Hotels und Restaurants aufgrund des Winterwetters ge\u00f6ffnet \u2026 Peguera ist auch ein guter Ort f\u00fcr Ausfl\u00fcge in die s\u00fcdliche Tramuntana und die Stadt Palma de Mallorca, die nicht weit von hier entfernt ist.<\/p>\n<p style=\"text-align: center;\">Der Hafen von S\u00f3Iler und die Cala de Sant Vicen\u00e7 sind die einzigen Badegebiete an der Steilk\u00fcste des Tramuntana-Gebirges im Norden und geh\u00f6ren zu den besten Sehensw\u00fcrdigkeiten auf Mallorca. Die praktisch kreisf\u00f6rmige Bucht von Port de S\u00f3ller mit einem schmalen Sandstrand ist auch ein beliebter Ort f\u00fcr Wanderer. Ziele wie Dei\u00e0 und Valldemossa sind zu Fu\u00df erreichbar, und selbst Palma ist nur eine halbe Autostunde entfernt. Beliebt sind Bootsausfl\u00fcge nach Cala Tuent und Sa Calobra in der Gegend von S\u00f3ller, wobei Cala de Sant Vicente im Norden in einer von einem steilen Felsen umgebenen Bucht liegt. Hier finden Sie 2 sch\u00f6ne Str\u00e4nde.<\/p>\n<p style=\"text-align: center;\">Im Norden befindet sich der Hafen von Pollenca, der in den Drei\u00dfigerjahren von englischen Touristen entdeckt wurde, die bis heute die meisten Touristen sind, die diese Gegend besuchen. Die ausgedehnte Bucht von Pollensa und Alcudia ist eines der beliebtesten Wassersportzentren der Insel, wo es eine Segel- und Surfschule gibt, die von Deutschen und Spaniern geleitet wird.<\/p>\n<p style=\"text-align: center;\">Weiter im Landesinneren liegt das Dorf Pollensa, das auch eines der beliebtesten Gebiete f\u00fcr einen Urlaub in Fincas ist. Einige der spektakul\u00e4rsten Landschaften Mallorcas, wie die Halbinseln von Formentor und Victoria, befinden sich im n\u00f6rdlichen Teil Mallorcas, wo sich Pollensa liegt, und das Kloster Lluc in den Bergen der Tramuntana-Bergkette. Diese Art von Sehensw\u00fcrdigkeiten ist nur mit dem Auto zu erreichen.<\/p>\n<p style=\"text-align: center;\">Die gr\u00f6\u00dfte Bucht Mallorcas neben der von Palma ist Alcudia. Diese Bucht erstreckt sich von Aucanada \u00fcber Can Picafort, Son Serra de Marina und Colonia de Sant Pere bis zum Cape Farrutx. Dort befindet sich einer der besten Str\u00e4nde Mallorcas, der etwa 22 km lang ist.<\/p>\n<p style=\"text-align: center;\">Das Urlaubsgebiet ist ideal f\u00fcr einen Familienurlaub mit Kindern, da es viele Sehensw\u00fcrdigkeiten f\u00fcr Kinder zu sehen gibt.<\/p>\n<p style=\"text-align: center;\">Die Ostk\u00fcste mit ihren malerischen Badebuchten ist eines der beliebtesten Urlaubsgebiete auf Mallorca und Cala Ratjada eines der beliebtesten Orte der Deutschen, da sie die Mehrheit in diesem Gebiet darstellen. Cala Ratjada zeichnet sich durch seine zahlreichen Bars und Clubs aus.<\/p>\n<p style=\"text-align: center;\">Cala Millor hat den l\u00e4ngsten Sandstrand im Osten, der zwei Kilometer lang ist.<\/p>\n<p style=\"text-align: center;\">An der S\u00fcdostk\u00fcste konzentriert sich der Tourismus auf Cala d&#8217;Or. Das Kerngebiet von Cala d&#8217;Or, das dem Gebiet seinen Namen gibt, hat viel zu bieten und wurde in den 1930er Jahren im ibizenkischen Stil erbaut.<\/p>\n<p style=\"text-align: center;\">Die Insel Mallorca bietet endlose M\u00f6glichkeiten und jede Gegend dieser Insel, ob Touristenattraktion oder nicht, hat ihren Charme, der gesehen und erlebt werden muss. Da die Entfernungen zwischen den D\u00f6rfern mehr oder weniger von kurzer Distanz sind und es eine gute Stra\u00dfenanbindung gibt, ist es einfach, die D\u00f6rfer Mallorcas und ihre Sehensw\u00fcrdigkeiten zu besuchen.<\/p>\n<p style=\"text-align: center;\">\n","protected":false},"excerpt":{"rendered":"<p>Mallorca bietet eine Vielzahl von Sehensw\u00fcrdigkeiten zum Entdecken. Deshalb haben wir eine Liste mit den besten Sehensw\u00fcrdigkeiten auf Mallorca erstellt, die uns pers\u00f6nlich am meisten gefallen. [orbital_cluster categories=&#8221;58&#8243; order=&#8221;DESC&#8221; postperpage=&#8221;13&#8243; featured=&#8221;13&#8243;] &Uuml;bersicht1 Mallorca &#8211; Sehensw\u00fcrdigkeiten im Norden2 Mallorca &#8211; Sehensw\u00fcrdigkeiten im Westen3 Mallorca &#8211; Sehensw\u00fcrdigkeiten im S\u00fcden4 Mallorca bietet viele Sehensw\u00fcrdigkeiten Mallorca &#8211; Sehensw\u00fcrdigkeiten im&#8230;<\/p>\n","protected":false},"author":2,"featured_media":1440,"parent":0,"menu_order":0,"comment_status":"closed","ping_status":"closed","template":"templates\/page-pilar.php","meta":{"ngg_post_thumbnail":0,"footnotes":""},"class_list":["post-1418","page","type-page","status-publish","has-post-thumbnail","hentry"],"yoast_head":"<!-- This site is optimized with the Yoast SEO plugin v26.2 - https:\/\/yoast.com\/wordpress\/plugins\/seo\/ -->\n<title>Mallorca \u2013 Top Sehensw\u00fcrdigkeiten - Blog Mallorca Charme<\/title>\n<meta name=\"description\" content=\"Mallorca bietet eine Vielzahl von Sehensw\u00fcrdigkeiten zum Entdecken. Deshalb haben wir eine Liste mit den besten Sehensw\u00fcrdigkeiten auf Mallorca erstellt \ud83d\udd1d\" \/>\n<meta name=\"robots\" content=\"index, follow, max-snippet:-1, max-image-preview:large, max-video-preview:-1\" \/>\n<link rel=\"canonical\" href=\"https:\/\/www.fincasmallorcacharme.com\/blog\/mallorca-principales-atracciones-turisticas\/\" \/>\n<meta property=\"og:locale\" content=\"de_DE\" \/>\n<meta property=\"og:type\" content=\"article\" \/>\n<meta property=\"og:title\" content=\"Mallorca \u2013 Top Sehensw\u00fcrdigkeiten - Blog Mallorca Charme\" \/>\n<meta property=\"og:description\" content=\"Mallorca bietet eine Vielzahl von Sehensw\u00fcrdigkeiten zum Entdecken. Deshalb haben wir eine Liste mit den besten Sehensw\u00fcrdigkeiten auf Mallorca erstellt \ud83d\udd1d\" \/>\n<meta property=\"og:url\" content=\"https:\/\/www.fincasmallorcacharme.com\/blog\/mallorca-principales-atracciones-turisticas\/\" \/>\n<meta property=\"og:site_name\" content=\"Blog Mallorca Charme\" \/>\n<meta property=\"article:modified_time\" content=\"2020-02-26T14:23:17+00:00\" \/>\n<meta property=\"og:image\" content=\"https:\/\/www.fincasmallorcacharme.com\/blog\/wp-content\/uploads\/2019\/11\/Mallorca-sehensw\u00fcrdigkeiten.png\" \/>\n\t<meta property=\"og:image:width\" content=\"686\" \/>\n\t<meta property=\"og:image:height\" content=\"487\" \/>\n\t<meta property=\"og:image:type\" content=\"image\/png\" \/>\n<meta name=\"twitter:card\" content=\"summary_large_image\" \/>\n<meta name=\"twitter:label1\" content=\"Gesch\u00e4tzte Lesezeit\" \/>\n\t<meta name=\"twitter:data1\" content=\"6\u00a0Minuten\" \/>\n<script type=\"application\/ld+json\" class=\"yoast-schema-graph\">{\"@context\":\"https:\/\/schema.org\",\"@graph\":[{\"@type\":\"WebPage\",\"@id\":\"https:\/\/www.fincasmallorcacharme.com\/blog\/mallorca-principales-atracciones-turisticas\/\",\"url\":\"https:\/\/www.fincasmallorcacharme.com\/blog\/mallorca-principales-atracciones-turisticas\/\",\"name\":\"Mallorca \u2013 Top Sehensw\u00fcrdigkeiten - Blog Mallorca Charme\",\"isPartOf\":{\"@id\":\"https:\/\/www.fincasmallorcacharme.com\/blog\/en\/#website\"},\"primaryImageOfPage\":{\"@id\":\"https:\/\/www.fincasmallorcacharme.com\/blog\/mallorca-principales-atracciones-turisticas\/#primaryimage\"},\"image\":{\"@id\":\"https:\/\/www.fincasmallorcacharme.com\/blog\/mallorca-principales-atracciones-turisticas\/#primaryimage\"},\"thumbnailUrl\":\"https:\/\/www.fincasmallorcacharme.com\/blog\/wp-content\/uploads\/2019\/11\/Mallorca-sehensw\u00fcrdigkeiten.png\",\"datePublished\":\"2019-11-18T13:37:21+00:00\",\"dateModified\":\"2020-02-26T14:23:17+00:00\",\"description\":\"Mallorca bietet eine Vielzahl von Sehensw\u00fcrdigkeiten zum Entdecken. Deshalb haben wir eine Liste mit den besten Sehensw\u00fcrdigkeiten auf Mallorca erstellt \ud83d\udd1d\",\"inLanguage\":\"de\",\"potentialAction\":[{\"@type\":\"ReadAction\",\"target\":[\"https:\/\/www.fincasmallorcacharme.com\/blog\/mallorca-principales-atracciones-turisticas\/\"]}]},{\"@type\":\"ImageObject\",\"inLanguage\":\"de\",\"@id\":\"https:\/\/www.fincasmallorcacharme.com\/blog\/mallorca-principales-atracciones-turisticas\/#primaryimage\",\"url\":\"https:\/\/www.fincasmallorcacharme.com\/blog\/wp-content\/uploads\/2019\/11\/Mallorca-sehensw\u00fcrdigkeiten.png\",\"contentUrl\":\"https:\/\/www.fincasmallorcacharme.com\/blog\/wp-content\/uploads\/2019\/11\/Mallorca-sehensw\u00fcrdigkeiten.png\",\"width\":686,\"height\":487,\"caption\":\"`mallorca sehensw\u00fcrdigkeiten\"},{\"@type\":\"WebSite\",\"@id\":\"https:\/\/www.fincasmallorcacharme.com\/blog\/en\/#website\",\"url\":\"https:\/\/www.fincasmallorcacharme.com\/blog\/en\/\",\"name\":\"Blog Mallorca Charme\",\"description\":\"Fincasmallorcacharme Blog\",\"publisher\":{\"@id\":\"https:\/\/www.fincasmallorcacharme.com\/blog\/en\/#organization\"},\"potentialAction\":[{\"@type\":\"SearchAction\",\"target\":{\"@type\":\"EntryPoint\",\"urlTemplate\":\"https:\/\/www.fincasmallorcacharme.com\/blog\/en\/?s={search_term_string}\"},\"query-input\":{\"@type\":\"PropertyValueSpecification\",\"valueRequired\":true,\"valueName\":\"search_term_string\"}}],\"inLanguage\":\"de\"},{\"@type\":\"Organization\",\"@id\":\"https:\/\/www.fincasmallorcacharme.com\/blog\/en\/#organization\",\"name\":\"Blog Mallorca Charme\",\"url\":\"https:\/\/www.fincasmallorcacharme.com\/blog\/en\/\",\"logo\":{\"@type\":\"ImageObject\",\"inLanguage\":\"de\",\"@id\":\"https:\/\/www.fincasmallorcacharme.com\/blog\/en\/#\/schema\/logo\/image\/\",\"url\":\"https:\/\/www.fincasmallorcacharme.com\/blog\/wp-content\/uploads\/2020\/02\/cropped-headerrrrr-1.png\",\"contentUrl\":\"https:\/\/www.fincasmallorcacharme.com\/blog\/wp-content\/uploads\/2020\/02\/cropped-headerrrrr-1.png\",\"width\":1250,\"height\":250,\"caption\":\"Blog Mallorca Charme\"},\"image\":{\"@id\":\"https:\/\/www.fincasmallorcacharme.com\/blog\/en\/#\/schema\/logo\/image\/\"}}]}<\/script>\n<!-- \/ Yoast SEO plugin. -->","yoast_head_json":{"title":"Mallorca \u2013 Top Sehensw\u00fcrdigkeiten - Blog Mallorca Charme","description":"Mallorca bietet eine Vielzahl von Sehensw\u00fcrdigkeiten zum Entdecken. Deshalb haben wir eine Liste mit den besten Sehensw\u00fcrdigkeiten auf Mallorca erstellt \ud83d\udd1d","robots":{"index":"index","follow":"follow","max-snippet":"max-snippet:-1","max-image-preview":"max-image-preview:large","max-video-preview":"max-video-preview:-1"},"canonical":"https:\/\/www.fincasmallorcacharme.com\/blog\/mallorca-principales-atracciones-turisticas\/","og_locale":"de_DE","og_type":"article","og_title":"Mallorca \u2013 Top Sehensw\u00fcrdigkeiten - Blog Mallorca Charme","og_description":"Mallorca bietet eine Vielzahl von Sehensw\u00fcrdigkeiten zum Entdecken. Deshalb haben wir eine Liste mit den besten Sehensw\u00fcrdigkeiten auf Mallorca erstellt \ud83d\udd1d","og_url":"https:\/\/www.fincasmallorcacharme.com\/blog\/mallorca-principales-atracciones-turisticas\/","og_site_name":"Blog Mallorca Charme","article_modified_time":"2020-02-26T14:23:17+00:00","og_image":[{"width":686,"height":487,"url":"https:\/\/www.fincasmallorcacharme.com\/blog\/wp-content\/uploads\/2019\/11\/Mallorca-sehensw\u00fcrdigkeiten.png","type":"image\/png"}],"twitter_card":"summary_large_image","twitter_misc":{"Gesch\u00e4tzte Lesezeit":"6\u00a0Minuten"},"schema":{"@context":"https:\/\/schema.org","@graph":[{"@type":"WebPage","@id":"https:\/\/www.fincasmallorcacharme.com\/blog\/mallorca-principales-atracciones-turisticas\/","url":"https:\/\/www.fincasmallorcacharme.com\/blog\/mallorca-principales-atracciones-turisticas\/","name":"Mallorca \u2013 Top Sehensw\u00fcrdigkeiten - Blog Mallorca Charme","isPartOf":{"@id":"https:\/\/www.fincasmallorcacharme.com\/blog\/en\/#website"},"primaryImageOfPage":{"@id":"https:\/\/www.fincasmallorcacharme.com\/blog\/mallorca-principales-atracciones-turisticas\/#primaryimage"},"image":{"@id":"https:\/\/www.fincasmallorcacharme.com\/blog\/mallorca-principales-atracciones-turisticas\/#primaryimage"},"thumbnailUrl":"https:\/\/www.fincasmallorcacharme.com\/blog\/wp-content\/uploads\/2019\/11\/Mallorca-sehensw\u00fcrdigkeiten.png","datePublished":"2019-11-18T13:37:21+00:00","dateModified":"2020-02-26T14:23:17+00:00","description":"Mallorca bietet eine Vielzahl von Sehensw\u00fcrdigkeiten zum Entdecken. Deshalb haben wir eine Liste mit den besten Sehensw\u00fcrdigkeiten auf Mallorca erstellt \ud83d\udd1d","inLanguage":"de","potentialAction":[{"@type":"ReadAction","target":["https:\/\/www.fincasmallorcacharme.com\/blog\/mallorca-principales-atracciones-turisticas\/"]}]},{"@type":"ImageObject","inLanguage":"de","@id":"https:\/\/www.fincasmallorcacharme.com\/blog\/mallorca-principales-atracciones-turisticas\/#primaryimage","url":"https:\/\/www.fincasmallorcacharme.com\/blog\/wp-content\/uploads\/2019\/11\/Mallorca-sehensw\u00fcrdigkeiten.png","contentUrl":"https:\/\/www.fincasmallorcacharme.com\/blog\/wp-content\/uploads\/2019\/11\/Mallorca-sehensw\u00fcrdigkeiten.png","width":686,"height":487,"caption":"`mallorca sehensw\u00fcrdigkeiten"},{"@type":"WebSite","@id":"https:\/\/www.fincasmallorcacharme.com\/blog\/en\/#website","url":"https:\/\/www.fincasmallorcacharme.com\/blog\/en\/","name":"Blog Mallorca Charme","description":"Fincasmallorcacharme Blog","publisher":{"@id":"https:\/\/www.fincasmallorcacharme.com\/blog\/en\/#organization"},"potentialAction":[{"@type":"SearchAction","target":{"@type":"EntryPoint","urlTemplate":"https:\/\/www.fincasmallorcacharme.com\/blog\/en\/?s={search_term_string}"},"query-input":{"@type":"PropertyValueSpecification","valueRequired":true,"valueName":"search_term_string"}}],"inLanguage":"de"},{"@type":"Organization","@id":"https:\/\/www.fincasmallorcacharme.com\/blog\/en\/#organization","name":"Blog Mallorca Charme","url":"https:\/\/www.fincasmallorcacharme.com\/blog\/en\/","logo":{"@type":"ImageObject","inLanguage":"de","@id":"https:\/\/www.fincasmallorcacharme.com\/blog\/en\/#\/schema\/logo\/image\/","url":"https:\/\/www.fincasmallorcacharme.com\/blog\/wp-content\/uploads\/2020\/02\/cropped-headerrrrr-1.png","contentUrl":"https:\/\/www.fincasmallorcacharme.com\/blog\/wp-content\/uploads\/2020\/02\/cropped-headerrrrr-1.png","width":1250,"height":250,"caption":"Blog Mallorca Charme"},"image":{"@id":"https:\/\/www.fincasmallorcacharme.com\/blog\/en\/#\/schema\/logo\/image\/"}}]}},"amp_enabled":false,"_links":{"self":[{"href":"https:\/\/www.fincasmallorcacharme.com\/blog\/de\/wp-json\/wp\/v2\/pages\/1418","targetHints":{"allow":["GET"]}}],"collection":[{"href":"https:\/\/www.fincasmallorcacharme.com\/blog\/de\/wp-json\/wp\/v2\/pages"}],"about":[{"href":"https:\/\/www.fincasmallorcacharme.com\/blog\/de\/wp-json\/wp\/v2\/types\/page"}],"author":[{"embeddable":true,"href":"https:\/\/www.fincasmallorcacharme.com\/blog\/de\/wp-json\/wp\/v2\/users\/2"}],"replies":[{"embeddable":true,"href":"https:\/\/www.fincasmallorcacharme.com\/blog\/de\/wp-json\/wp\/v2\/comments?post=1418"}],"version-history":[{"count":14,"href":"https:\/\/www.fincasmallorcacharme.com\/blog\/de\/wp-json\/wp\/v2\/pages\/1418\/revisions"}],"predecessor-version":[{"id":1448,"href":"https:\/\/www.fincasmallorcacharme.com\/blog\/de\/wp-json\/wp\/v2\/pages\/1418\/revisions\/1448"}],"wp:featuredmedia":[{"embeddable":true,"href":"https:\/\/www.fincasmallorcacharme.com\/blog\/de\/wp-json\/wp\/v2\/media\/1440"}],"wp:attachment":[{"href":"https:\/\/www.fincasmallorcacharme.com\/blog\/de\/wp-json\/wp\/v2\/media?parent=1418"}],"curies":[{"name":"wp","href":"https:\/\/api.w.org\/{rel}","templated":true}]}}