{"id":1219,"date":"2019-11-11T13:07:33","date_gmt":"2019-11-11T13:07:33","guid":{"rendered":"http:\/\/www.fincasmallorcacharme.com\/blog\/?page_id=1219"},"modified":"2020-03-12T15:49:46","modified_gmt":"2020-03-12T15:49:46","slug":"wandern","status":"publish","type":"page","link":"https:\/\/www.fincasmallorcacharme.com\/blog\/de\/wandern\/","title":{"rendered":"Wandern auf Mallorca &#8211; Routen und Empfehlungen"},"content":{"rendered":"\r\n<p>Mallorca ist ein ideales Ziel zum Wandern. Das gem\u00e4\u00dfigte Klima der Balearen ist ideal f\u00fcr Wanderungen in vielen Gebieten der Insel. In unserem Blog zeigen wir alle Arten von Wanderungen und Tipps f\u00fcr alle Altersgruppen und Anspr\u00fcche. Von idyllischen K\u00fcstenwegen bis hin zu Routen durch die beeindruckenden Berge der Serra de Tramuntana.<\/p>\r\n\r\n\r\n\r\n<p>In unserem Blog zeigen wir dir die Wanderrouten aufgeteilt nach Zonen der Sierra de Tramuntana (Tramuntana Sur, Tramuntana Central und Tramuntana Norte).<\/p>\r\n\r\n\r\n\r\n<p>Die GR 221, wie die Route der Serra de Tramuntana genannt wird, hat viel Protagonismus, aber es gibt auch andere Zonen Mallorcas, in denen man wandern kann, wie zum Beispiel die Kaps und Buchten im Norden der Insel, durch die Gebiete von Alc\u00fadia, Pollen\u00e7a und Formentor. Im Norden findet man unglaubliche und magische Orte. Die Sierra de Llevant ist auch ein weiteres Gebiet mit vielen Laufrouten, hat eine geringere H\u00f6he und besitzt nicht den besonderen Charme der Tramuntana.<\/p>\r\n\r\n\r\n\r\n<p>Aber gerade diese Gegens\u00e4tze in den verschiedenen Gebieten der Insel machen sie zu einem so besonderen Ort f\u00fcr den Sport. Hier findest du alles \u00fcber die Route GR 221 und Wandertipps mit Fotos, die dich durch die ganze Vielfalt der Landschaften f\u00fchren.<\/p>\r\n\r\n\r\n\r\n<h2 class=\"wp-block-heading\">Wo kann man auf Mallorca wandern?<\/h2>\r\n\r\n\r\n\r\n<p>Wir erkl\u00e4ren dir auch den Schwierigkeitsgrad der Route und welche schwieriger oder verwildert sind. Zum Beispiel die Route des Torrent de Pareis, die fr\u00fcher von Schmugglern benutzt wurde, die auf dem Seeweg ankamen und an der Nordk\u00fcste der Insel an Land gingen und diese Routen und P\u00e4sse benutzten, um nicht gefangen genommen zu werden.<\/p>\r\n\r\n\r\n\r\n<h2 class=\"wp-block-heading\">Mallorca &#8211; wohin zum Wandern<\/h2>\r\n\r\n\r\n\r\n<p>In unserem Wanderblog zeigen wir, was wir von den besten Wanderwegen auf Mallorca halten. Klicke auf die Bilder und du wirst mehr \u00fcber die von uns vorgeschlagenen Routen erfahren.<\/p>\r\n","protected":false},"excerpt":{"rendered":"<p>Mallorca ist ein ideales Ziel zum Wandern. Das gem\u00e4\u00dfigte Klima der Balearen ist ideal f\u00fcr Wanderungen in vielen Gebieten der Insel. In unserem Blog zeigen wir alle Arten von Wanderungen und Tipps f\u00fcr alle Altersgruppen und Anspr\u00fcche. Von idyllischen K\u00fcstenwegen bis hin zu Routen durch die beeindruckenden Berge der Serra de Tramuntana. In unserem Blog&#8230;<\/p>\n","protected":false},"author":2,"featured_media":1220,"parent":0,"menu_order":0,"comment_status":"closed","ping_status":"closed","template":"templates\/page-pilar.php","meta":{"ngg_post_thumbnail":0,"footnotes":""},"class_list":["post-1219","page","type-page","status-publish","has-post-thumbnail","hentry"],"yoast_head":"<!-- This site is optimized with the Yoast SEO plugin v26.2 - https:\/\/yoast.com\/wordpress\/plugins\/seo\/ -->\n<title>Wandern auf Mallorca - Routen und Empfehlungen - Blog Mallorca Charme<\/title>\n<meta name=\"description\" content=\"Wenn Sie Informationen \u00fcber Wandern auf Mallorca suchen, finden Sie in unserem Wandernblog die besten Routen und Empfehlungen.\" \/>\n<meta name=\"robots\" content=\"index, follow, max-snippet:-1, max-image-preview:large, max-video-preview:-1\" \/>\n<link rel=\"canonical\" href=\"https:\/\/www.fincasmallorcacharme.com\/blog\/hiking-in-mallorca-routes-and-recommendations\/\" \/>\n<meta property=\"og:locale\" content=\"de_DE\" \/>\n<meta property=\"og:type\" content=\"article\" \/>\n<meta property=\"og:title\" content=\"Wandern auf Mallorca - Routen und Empfehlungen - Blog Mallorca Charme\" \/>\n<meta property=\"og:description\" content=\"Wenn Sie Informationen \u00fcber Wandern auf Mallorca suchen, finden Sie in unserem Wandernblog die besten Routen und Empfehlungen.\" \/>\n<meta property=\"og:url\" content=\"https:\/\/www.fincasmallorcacharme.com\/blog\/hiking-in-mallorca-routes-and-recommendations\/\" \/>\n<meta property=\"og:site_name\" content=\"Blog Mallorca Charme\" \/>\n<meta property=\"article:modified_time\" content=\"2020-03-12T15:49:46+00:00\" \/>\n<meta property=\"og:image\" content=\"https:\/\/www.fincasmallorcacharme.com\/blog\/wp-content\/uploads\/2019\/11\/hikking.png\" \/>\n\t<meta property=\"og:image:width\" content=\"686\" \/>\n\t<meta property=\"og:image:height\" content=\"487\" \/>\n\t<meta property=\"og:image:type\" content=\"image\/png\" \/>\n<meta name=\"twitter:card\" content=\"summary_large_image\" \/>\n<meta name=\"twitter:label1\" content=\"Gesch\u00e4tzte Lesezeit\" \/>\n\t<meta name=\"twitter:data1\" content=\"2\u00a0Minuten\" \/>\n<script type=\"application\/ld+json\" class=\"yoast-schema-graph\">{\"@context\":\"https:\/\/schema.org\",\"@graph\":[{\"@type\":\"WebPage\",\"@id\":\"https:\/\/www.fincasmallorcacharme.com\/blog\/hiking-in-mallorca-routes-and-recommendations\/\",\"url\":\"https:\/\/www.fincasmallorcacharme.com\/blog\/hiking-in-mallorca-routes-and-recommendations\/\",\"name\":\"Wandern auf Mallorca - Routen und Empfehlungen - Blog Mallorca Charme\",\"isPartOf\":{\"@id\":\"https:\/\/www.fincasmallorcacharme.com\/blog\/en\/#website\"},\"primaryImageOfPage\":{\"@id\":\"https:\/\/www.fincasmallorcacharme.com\/blog\/hiking-in-mallorca-routes-and-recommendations\/#primaryimage\"},\"image\":{\"@id\":\"https:\/\/www.fincasmallorcacharme.com\/blog\/hiking-in-mallorca-routes-and-recommendations\/#primaryimage\"},\"thumbnailUrl\":\"https:\/\/www.fincasmallorcacharme.com\/blog\/wp-content\/uploads\/2019\/11\/hikking.png\",\"datePublished\":\"2019-11-11T13:07:33+00:00\",\"dateModified\":\"2020-03-12T15:49:46+00:00\",\"description\":\"Wenn Sie Informationen \u00fcber Wandern auf Mallorca suchen, finden Sie in unserem Wandernblog die besten Routen und Empfehlungen.\",\"inLanguage\":\"de\",\"potentialAction\":[{\"@type\":\"ReadAction\",\"target\":[\"https:\/\/www.fincasmallorcacharme.com\/blog\/hiking-in-mallorca-routes-and-recommendations\/\"]}]},{\"@type\":\"ImageObject\",\"inLanguage\":\"de\",\"@id\":\"https:\/\/www.fincasmallorcacharme.com\/blog\/hiking-in-mallorca-routes-and-recommendations\/#primaryimage\",\"url\":\"https:\/\/www.fincasmallorcacharme.com\/blog\/wp-content\/uploads\/2019\/11\/hikking.png\",\"contentUrl\":\"https:\/\/www.fincasmallorcacharme.com\/blog\/wp-content\/uploads\/2019\/11\/hikking.png\",\"width\":686,\"height\":487},{\"@type\":\"WebSite\",\"@id\":\"https:\/\/www.fincasmallorcacharme.com\/blog\/en\/#website\",\"url\":\"https:\/\/www.fincasmallorcacharme.com\/blog\/en\/\",\"name\":\"Blog Mallorca Charme\",\"description\":\"Fincasmallorcacharme Blog\",\"publisher\":{\"@id\":\"https:\/\/www.fincasmallorcacharme.com\/blog\/en\/#organization\"},\"potentialAction\":[{\"@type\":\"SearchAction\",\"target\":{\"@type\":\"EntryPoint\",\"urlTemplate\":\"https:\/\/www.fincasmallorcacharme.com\/blog\/en\/?s={search_term_string}\"},\"query-input\":{\"@type\":\"PropertyValueSpecification\",\"valueRequired\":true,\"valueName\":\"search_term_string\"}}],\"inLanguage\":\"de\"},{\"@type\":\"Organization\",\"@id\":\"https:\/\/www.fincasmallorcacharme.com\/blog\/en\/#organization\",\"name\":\"Blog Mallorca Charme\",\"url\":\"https:\/\/www.fincasmallorcacharme.com\/blog\/en\/\",\"logo\":{\"@type\":\"ImageObject\",\"inLanguage\":\"de\",\"@id\":\"https:\/\/www.fincasmallorcacharme.com\/blog\/en\/#\/schema\/logo\/image\/\",\"url\":\"https:\/\/www.fincasmallorcacharme.com\/blog\/wp-content\/uploads\/2020\/02\/cropped-headerrrrr-1.png\",\"contentUrl\":\"https:\/\/www.fincasmallorcacharme.com\/blog\/wp-content\/uploads\/2020\/02\/cropped-headerrrrr-1.png\",\"width\":1250,\"height\":250,\"caption\":\"Blog Mallorca Charme\"},\"image\":{\"@id\":\"https:\/\/www.fincasmallorcacharme.com\/blog\/en\/#\/schema\/logo\/image\/\"}}]}<\/script>\n<!-- \/ Yoast SEO plugin. -->","yoast_head_json":{"title":"Wandern auf Mallorca - Routen und Empfehlungen - Blog Mallorca Charme","description":"Wenn Sie Informationen \u00fcber Wandern auf Mallorca suchen, finden Sie in unserem Wandernblog die besten Routen und Empfehlungen.","robots":{"index":"index","follow":"follow","max-snippet":"max-snippet:-1","max-image-preview":"max-image-preview:large","max-video-preview":"max-video-preview:-1"},"canonical":"https:\/\/www.fincasmallorcacharme.com\/blog\/hiking-in-mallorca-routes-and-recommendations\/","og_locale":"de_DE","og_type":"article","og_title":"Wandern auf Mallorca - Routen und Empfehlungen - Blog Mallorca Charme","og_description":"Wenn Sie Informationen \u00fcber Wandern auf Mallorca suchen, finden Sie in unserem Wandernblog die besten Routen und Empfehlungen.","og_url":"https:\/\/www.fincasmallorcacharme.com\/blog\/hiking-in-mallorca-routes-and-recommendations\/","og_site_name":"Blog Mallorca Charme","article_modified_time":"2020-03-12T15:49:46+00:00","og_image":[{"width":686,"height":487,"url":"https:\/\/www.fincasmallorcacharme.com\/blog\/wp-content\/uploads\/2019\/11\/hikking.png","type":"image\/png"}],"twitter_card":"summary_large_image","twitter_misc":{"Gesch\u00e4tzte Lesezeit":"2\u00a0Minuten"},"schema":{"@context":"https:\/\/schema.org","@graph":[{"@type":"WebPage","@id":"https:\/\/www.fincasmallorcacharme.com\/blog\/hiking-in-mallorca-routes-and-recommendations\/","url":"https:\/\/www.fincasmallorcacharme.com\/blog\/hiking-in-mallorca-routes-and-recommendations\/","name":"Wandern auf Mallorca - Routen und Empfehlungen - Blog Mallorca Charme","isPartOf":{"@id":"https:\/\/www.fincasmallorcacharme.com\/blog\/en\/#website"},"primaryImageOfPage":{"@id":"https:\/\/www.fincasmallorcacharme.com\/blog\/hiking-in-mallorca-routes-and-recommendations\/#primaryimage"},"image":{"@id":"https:\/\/www.fincasmallorcacharme.com\/blog\/hiking-in-mallorca-routes-and-recommendations\/#primaryimage"},"thumbnailUrl":"https:\/\/www.fincasmallorcacharme.com\/blog\/wp-content\/uploads\/2019\/11\/hikking.png","datePublished":"2019-11-11T13:07:33+00:00","dateModified":"2020-03-12T15:49:46+00:00","description":"Wenn Sie Informationen \u00fcber Wandern auf Mallorca suchen, finden Sie in unserem Wandernblog die besten Routen und Empfehlungen.","inLanguage":"de","potentialAction":[{"@type":"ReadAction","target":["https:\/\/www.fincasmallorcacharme.com\/blog\/hiking-in-mallorca-routes-and-recommendations\/"]}]},{"@type":"ImageObject","inLanguage":"de","@id":"https:\/\/www.fincasmallorcacharme.com\/blog\/hiking-in-mallorca-routes-and-recommendations\/#primaryimage","url":"https:\/\/www.fincasmallorcacharme.com\/blog\/wp-content\/uploads\/2019\/11\/hikking.png","contentUrl":"https:\/\/www.fincasmallorcacharme.com\/blog\/wp-content\/uploads\/2019\/11\/hikking.png","width":686,"height":487},{"@type":"WebSite","@id":"https:\/\/www.fincasmallorcacharme.com\/blog\/en\/#website","url":"https:\/\/www.fincasmallorcacharme.com\/blog\/en\/","name":"Blog Mallorca Charme","description":"Fincasmallorcacharme Blog","publisher":{"@id":"https:\/\/www.fincasmallorcacharme.com\/blog\/en\/#organization"},"potentialAction":[{"@type":"SearchAction","target":{"@type":"EntryPoint","urlTemplate":"https:\/\/www.fincasmallorcacharme.com\/blog\/en\/?s={search_term_string}"},"query-input":{"@type":"PropertyValueSpecification","valueRequired":true,"valueName":"search_term_string"}}],"inLanguage":"de"},{"@type":"Organization","@id":"https:\/\/www.fincasmallorcacharme.com\/blog\/en\/#organization","name":"Blog Mallorca Charme","url":"https:\/\/www.fincasmallorcacharme.com\/blog\/en\/","logo":{"@type":"ImageObject","inLanguage":"de","@id":"https:\/\/www.fincasmallorcacharme.com\/blog\/en\/#\/schema\/logo\/image\/","url":"https:\/\/www.fincasmallorcacharme.com\/blog\/wp-content\/uploads\/2020\/02\/cropped-headerrrrr-1.png","contentUrl":"https:\/\/www.fincasmallorcacharme.com\/blog\/wp-content\/uploads\/2020\/02\/cropped-headerrrrr-1.png","width":1250,"height":250,"caption":"Blog Mallorca Charme"},"image":{"@id":"https:\/\/www.fincasmallorcacharme.com\/blog\/en\/#\/schema\/logo\/image\/"}}]}},"amp_enabled":false,"_links":{"self":[{"href":"https:\/\/www.fincasmallorcacharme.com\/blog\/de\/wp-json\/wp\/v2\/pages\/1219","targetHints":{"allow":["GET"]}}],"collection":[{"href":"https:\/\/www.fincasmallorcacharme.com\/blog\/de\/wp-json\/wp\/v2\/pages"}],"about":[{"href":"https:\/\/www.fincasmallorcacharme.com\/blog\/de\/wp-json\/wp\/v2\/types\/page"}],"author":[{"embeddable":true,"href":"https:\/\/www.fincasmallorcacharme.com\/blog\/de\/wp-json\/wp\/v2\/users\/2"}],"replies":[{"embeddable":true,"href":"https:\/\/www.fincasmallorcacharme.com\/blog\/de\/wp-json\/wp\/v2\/comments?post=1219"}],"version-history":[{"count":2,"href":"https:\/\/www.fincasmallorcacharme.com\/blog\/de\/wp-json\/wp\/v2\/pages\/1219\/revisions"}],"predecessor-version":[{"id":1273,"href":"https:\/\/www.fincasmallorcacharme.com\/blog\/de\/wp-json\/wp\/v2\/pages\/1219\/revisions\/1273"}],"wp:featuredmedia":[{"embeddable":true,"href":"https:\/\/www.fincasmallorcacharme.com\/blog\/de\/wp-json\/wp\/v2\/media\/1220"}],"wp:attachment":[{"href":"https:\/\/www.fincasmallorcacharme.com\/blog\/de\/wp-json\/wp\/v2\/media?parent=1219"}],"curies":[{"name":"wp","href":"https:\/\/api.w.org\/{rel}","templated":true}]}}